{"id":7877,"date":"2020-08-10T08:56:49","date_gmt":"2020-08-10T05:56:49","guid":{"rendered":"https:\/\/seel.com.tr\/hakkimizda\/"},"modified":"2023-10-05T16:39:40","modified_gmt":"2023-10-05T13:39:40","slug":"about-us","status":"publish","type":"page","link":"https:\/\/seel.com.tr\/en\/about-us\/","title":{"rendered":"About Us"},"content":{"rendered":"\t\t<div data-elementor-type=\"wp-page\" data-elementor-id=\"7877\" class=\"elementor elementor-7877 elementor-69\" data-elementor-post-type=\"page\">\n\t\t\t\t\t\t\t\t\t<div class=\"elementor-section elementor-top-section elementor-element elementor-element-8aad423 elementor-section-stretched elementor-section-boxed elementor-section-height-default elementor-section-height-default\" data-id=\"8aad423\" data-element_type=\"section\" data-settings=\"{&quot;stretch_section&quot;:&quot;section-stretched&quot;}\">\n\t\t\t\t\t\t<div class=\"elementor-container elementor-column-gap-no\">\n\t\t\t\t\t<div class=\"elementor-column elementor-col-100 elementor-top-column elementor-element elementor-element-140c3de\" data-id=\"140c3de\" data-element_type=\"column\">\n\t\t\t<div class=\"elementor-widget-wrap elementor-element-populated\">\n\t\t\t\t\t\t\t\t<div class=\"elementor-element elementor-element-4b430fa elementor-widget elementor-widget-image\" data-id=\"4b430fa\" data-element_type=\"widget\" data-widget_type=\"image.default\">\n\t\t\t\t<div class=\"elementor-widget-container\">\n\t\t\t<style>\/*! elementor - v3.15.0 - 20-08-2023 *\/\n.elementor-widget-image{text-align:center}.elementor-widget-image a{display:inline-block}.elementor-widget-image a img[src$=\".svg\"]{width:48px}.elementor-widget-image img{vertical-align:middle;display:inline-block}<\/style>\t\t\t\t\t\t\t\t\t\t\t\t<img loading=\"lazy\" decoding=\"async\" width=\"100\" height=\"84\" src=\"https:\/\/seel.com.tr\/wp-content\/uploads\/2020\/08\/seel-logo-2.png\" class=\"attachment-full size-full wp-image-7047\" alt=\"\" \/>\t\t\t\t\t\t\t\t\t\t\t\t\t\t\t<\/div>\n\t\t\t\t<\/div>\n\t\t\t\t<div class=\"elementor-section elementor-inner-section elementor-element elementor-element-e0383f7 elementor-section-full_width elementor-section-height-default elementor-section-height-default\" data-id=\"e0383f7\" data-element_type=\"section\">\n\t\t\t\t\t\t<div class=\"elementor-container elementor-column-gap-no\">\n\t\t\t\t\t<div class=\"elementor-column elementor-col-33 elementor-inner-column elementor-element elementor-element-33c06b3\" data-id=\"33c06b3\" data-element_type=\"column\">\n\t\t\t<div class=\"elementor-widget-wrap elementor-element-populated\">\n\t\t\t\t\t\t\t\t<div class=\"elementor-element elementor-element-209e73e elementor-widget-mobile__width-auto elementor-position-top elementor-widget elementor-widget-image-box\" data-id=\"209e73e\" data-element_type=\"widget\" data-widget_type=\"image-box.default\">\n\t\t\t\t<div class=\"elementor-widget-container\">\n\t\t\t<style>\/*! elementor - v3.15.0 - 20-08-2023 *\/\n.elementor-widget-image-box .elementor-image-box-content{width:100%}@media (min-width:768px){.elementor-widget-image-box.elementor-position-left .elementor-image-box-wrapper,.elementor-widget-image-box.elementor-position-right .elementor-image-box-wrapper{display:flex}.elementor-widget-image-box.elementor-position-right .elementor-image-box-wrapper{text-align:right;flex-direction:row-reverse}.elementor-widget-image-box.elementor-position-left .elementor-image-box-wrapper{text-align:left;flex-direction:row}.elementor-widget-image-box.elementor-position-top .elementor-image-box-img{margin:auto}.elementor-widget-image-box.elementor-vertical-align-top .elementor-image-box-wrapper{align-items:flex-start}.elementor-widget-image-box.elementor-vertical-align-middle .elementor-image-box-wrapper{align-items:center}.elementor-widget-image-box.elementor-vertical-align-bottom .elementor-image-box-wrapper{align-items:flex-end}}@media (max-width:767px){.elementor-widget-image-box .elementor-image-box-img{margin-left:auto!important;margin-right:auto!important;margin-bottom:15px}}.elementor-widget-image-box .elementor-image-box-img{display:inline-block}.elementor-widget-image-box .elementor-image-box-title a{color:inherit}.elementor-widget-image-box .elementor-image-box-wrapper{text-align:center}.elementor-widget-image-box .elementor-image-box-description{margin:0}<\/style><div class=\"elementor-image-box-wrapper\"><figure class=\"elementor-image-box-img\"><img loading=\"lazy\" decoding=\"async\" width=\"1100\" height=\"1000\" src=\"https:\/\/seel.com.tr\/wp-content\/uploads\/2023\/09\/2.png\" class=\"elementor-animation-float attachment-full size-full wp-image-8185\" alt=\"\" srcset=\"https:\/\/seel.com.tr\/wp-content\/uploads\/2023\/09\/2.png 1100w, https:\/\/seel.com.tr\/wp-content\/uploads\/2023\/09\/2-300x273.png 300w, https:\/\/seel.com.tr\/wp-content\/uploads\/2023\/09\/2-1024x931.png 1024w, https:\/\/seel.com.tr\/wp-content\/uploads\/2023\/09\/2-768x698.png 768w, https:\/\/seel.com.tr\/wp-content\/uploads\/2023\/09\/2-800x727.png 800w\" sizes=\"auto, (max-width: 1100px) 100vw, 1100px\" \/><\/figure><div class=\"elementor-image-box-content\"><h3 class=\"elementor-image-box-title\"> Who are we ?<\/h3><p class=\"elementor-image-box-description\">Seel Food Company was established in Elazig in 2010 in order to make the traditional products produced locally in Anatolia easily accessible for everyone. Continuing to produce honey in Elaz\u0131\u011f province, Seel produces tulum cheese in the Munzur plateau and olive oil in Ayd\u0131n province.<\/p><\/div><\/div>\t\t<\/div>\n\t\t\t\t<\/div>\n\t\t\t\t\t<\/div>\n\t\t<\/div>\n\t\t\t\t<div class=\"elementor-column elementor-col-33 elementor-inner-column elementor-element elementor-element-f6a1129\" data-id=\"f6a1129\" data-element_type=\"column\">\n\t\t\t<div class=\"elementor-widget-wrap elementor-element-populated\">\n\t\t\t\t\t\t\t\t<div class=\"elementor-element elementor-element-e6306d1 elementor-widget-mobile__width-auto elementor-position-top elementor-widget elementor-widget-image-box\" data-id=\"e6306d1\" data-element_type=\"widget\" data-widget_type=\"image-box.default\">\n\t\t\t\t<div class=\"elementor-widget-container\">\n\t\t\t<div class=\"elementor-image-box-wrapper\"><figure class=\"elementor-image-box-img\"><img loading=\"lazy\" decoding=\"async\" width=\"1200\" height=\"800\" src=\"https:\/\/seel.com.tr\/wp-content\/uploads\/2023\/09\/7.png\" class=\"elementor-animation-float attachment-full size-full wp-image-8208\" alt=\"\" srcset=\"https:\/\/seel.com.tr\/wp-content\/uploads\/2023\/09\/7.png 1200w, https:\/\/seel.com.tr\/wp-content\/uploads\/2023\/09\/7-300x200.png 300w, https:\/\/seel.com.tr\/wp-content\/uploads\/2023\/09\/7-1024x683.png 1024w, https:\/\/seel.com.tr\/wp-content\/uploads\/2023\/09\/7-768x512.png 768w, https:\/\/seel.com.tr\/wp-content\/uploads\/2023\/09\/7-800x533.png 800w\" sizes=\"auto, (max-width: 1200px) 100vw, 1200px\" \/><\/figure><div class=\"elementor-image-box-content\"><h3 class=\"elementor-image-box-title\"> What are we doing?<\/h3><p class=\"elementor-image-box-description\">Seel, which started its activities with honey, tulum cheese, and butter, today has a wide product range in the cheese, honey, butter, and olive oil group. Despite the large and well-established companies in the market, Seel Food \nCompany easily gain a foothold in the market, thanks to its products' unique taste and\nnaturalness. Seel Meets with the customers in both domestic and oversea retail and wholesale markets through traditional and online channels.<\/p><\/div><\/div>\t\t<\/div>\n\t\t\t\t<\/div>\n\t\t\t\t\t<\/div>\n\t\t<\/div>\n\t\t\t\t<div class=\"elementor-column elementor-col-33 elementor-inner-column elementor-element elementor-element-9f2a186\" data-id=\"9f2a186\" data-element_type=\"column\">\n\t\t\t<div class=\"elementor-widget-wrap elementor-element-populated\">\n\t\t\t\t\t\t\t\t<div class=\"elementor-element elementor-element-6b1f577 elementor-widget-mobile__width-auto elementor-position-top elementor-widget elementor-widget-image-box\" data-id=\"6b1f577\" data-element_type=\"widget\" data-widget_type=\"image-box.default\">\n\t\t\t\t<div class=\"elementor-widget-container\">\n\t\t\t<div class=\"elementor-image-box-wrapper\"><figure class=\"elementor-image-box-img\"><img loading=\"lazy\" decoding=\"async\" width=\"2000\" height=\"2135\" src=\"https:\/\/seel.com.tr\/wp-content\/uploads\/2023\/09\/16.png\" class=\"elementor-animation-float attachment-full size-full wp-image-8172\" alt=\"\" srcset=\"https:\/\/seel.com.tr\/wp-content\/uploads\/2023\/09\/16.png 2000w, https:\/\/seel.com.tr\/wp-content\/uploads\/2023\/09\/16-281x300.png 281w, https:\/\/seel.com.tr\/wp-content\/uploads\/2023\/09\/16-959x1024.png 959w, https:\/\/seel.com.tr\/wp-content\/uploads\/2023\/09\/16-768x820.png 768w, https:\/\/seel.com.tr\/wp-content\/uploads\/2023\/09\/16-1439x1536.png 1439w, https:\/\/seel.com.tr\/wp-content\/uploads\/2023\/09\/16-1919x2048.png 1919w, https:\/\/seel.com.tr\/wp-content\/uploads\/2023\/09\/16-800x854.png 800w\" sizes=\"auto, (max-width: 2000px) 100vw, 2000px\" \/><\/figure><div class=\"elementor-image-box-content\"><h3 class=\"elementor-image-box-title\">Our Mission<\/h3><p class=\"elementor-image-box-description\">To present the traditional natural and unique healthy flavors of Anatolia to the world market stick to their originality.<\/p><\/div><\/div>\t\t<\/div>\n\t\t\t\t<\/div>\n\t\t\t\t\t<\/div>\n\t\t<\/div>\n\t\t\t\t\t\t\t<\/div>\n\t\t<\/div>\n\t\t\t\t<div class=\"elementor-section elementor-inner-section elementor-element elementor-element-a77cf4b elementor-section-full_width elementor-section-height-default elementor-section-height-default\" data-id=\"a77cf4b\" data-element_type=\"section\">\n\t\t\t\t\t\t<div class=\"elementor-container elementor-column-gap-no\">\n\t\t\t\t\t<div class=\"elementor-column elementor-col-100 elementor-inner-column elementor-element elementor-element-d04c1af\" data-id=\"d04c1af\" data-element_type=\"column\">\n\t\t\t<div class=\"elementor-widget-wrap elementor-element-populated\">\n\t\t\t\t\t\t\t\t<div class=\"elementor-element elementor-element-0df282f elementor-widget-mobile__width-auto elementor-widget elementor-widget-image-box\" data-id=\"0df282f\" data-element_type=\"widget\" data-widget_type=\"image-box.default\">\n\t\t\t\t<div class=\"elementor-widget-container\">\n\t\t\t<div class=\"elementor-image-box-wrapper\"><div class=\"elementor-image-box-content\"><h3 class=\"elementor-image-box-title\">Our Vision<\/h3><p class=\"elementor-image-box-description\">To make sustainable production in our farm and packaging facility, which can produce with 100% renewable energy.<\/p><\/div><\/div>\t\t<\/div>\n\t\t\t\t<\/div>\n\t\t\t\t\t<\/div>\n\t\t<\/div>\n\t\t\t\t\t\t\t<\/div>\n\t\t<\/div>\n\t\t\t\t\t<\/div>\n\t\t<\/div>\n\t\t\t\t\t\t\t<\/div>\n\t\t<\/div>\n\t\t\t\t<div class=\"elementor-section elementor-top-section elementor-element elementor-element-be16679 elementor-section-stretched elementor-section-boxed elementor-section-height-default elementor-section-height-default\" data-id=\"be16679\" data-element_type=\"section\" data-settings=\"{&quot;stretch_section&quot;:&quot;section-stretched&quot;}\">\n\t\t\t\t\t\t<div class=\"elementor-container elementor-column-gap-no\">\n\t\t\t\t\t<div class=\"elementor-column elementor-col-100 elementor-top-column elementor-element elementor-element-5695b82\" data-id=\"5695b82\" data-element_type=\"column\">\n\t\t\t<div class=\"elementor-widget-wrap elementor-element-populated\">\n\t\t\t\t\t\t\t\t<div class=\"elementor-element elementor-element-39ae67a tertiary-font elementor-widget elementor-widget-text-editor\" data-id=\"39ae67a\" data-element_type=\"widget\" data-widget_type=\"text-editor.default\">\n\t\t\t\t<div class=\"elementor-widget-container\">\n\t\t\t<style>\/*! elementor - v3.15.0 - 20-08-2023 *\/\n.elementor-widget-text-editor.elementor-drop-cap-view-stacked .elementor-drop-cap{background-color:#69727d;color:#fff}.elementor-widget-text-editor.elementor-drop-cap-view-framed .elementor-drop-cap{color:#69727d;border:3px solid;background-color:transparent}.elementor-widget-text-editor:not(.elementor-drop-cap-view-default) .elementor-drop-cap{margin-top:8px}.elementor-widget-text-editor:not(.elementor-drop-cap-view-default) .elementor-drop-cap-letter{width:1em;height:1em}.elementor-widget-text-editor .elementor-drop-cap{float:left;text-align:center;line-height:1;font-size:50px}.elementor-widget-text-editor .elementor-drop-cap-letter{display:inline-block}<\/style>\t\t\t\t<p>Seel Food<\/p>\t\t\t\t\t\t<\/div>\n\t\t\t\t<\/div>\n\t\t\t\t<div class=\"elementor-element elementor-element-b8d5e5a elementor-widget elementor-widget-heading\" data-id=\"b8d5e5a\" data-element_type=\"widget\" data-widget_type=\"heading.default\">\n\t\t\t\t<div class=\"elementor-widget-container\">\n\t\t\t<style>\/*! elementor - v3.15.0 - 20-08-2023 *\/\n.elementor-heading-title{padding:0;margin:0;line-height:1}.elementor-widget-heading .elementor-heading-title[class*=elementor-size-]>a{color:inherit;font-size:inherit;line-height:inherit}.elementor-widget-heading .elementor-heading-title.elementor-size-small{font-size:15px}.elementor-widget-heading .elementor-heading-title.elementor-size-medium{font-size:19px}.elementor-widget-heading .elementor-heading-title.elementor-size-large{font-size:29px}.elementor-widget-heading .elementor-heading-title.elementor-size-xl{font-size:39px}.elementor-widget-heading .elementor-heading-title.elementor-size-xxl{font-size:59px}<\/style><h2 class=\"elementor-heading-title elementor-size-default\">Always the Best<\/h2>\t\t<\/div>\n\t\t\t\t<\/div>\n\t\t\t\t<div class=\"elementor-section elementor-inner-section elementor-element elementor-element-a30dd84 elementor-section-boxed elementor-section-height-default elementor-section-height-default\" data-id=\"a30dd84\" data-element_type=\"section\">\n\t\t\t\t\t\t<div class=\"elementor-container elementor-column-gap-no\">\n\t\t\t\t\t<div class=\"elementor-column elementor-col-100 elementor-inner-column elementor-element elementor-element-538cf58\" data-id=\"538cf58\" data-element_type=\"column\">\n\t\t\t<div class=\"elementor-widget-wrap elementor-element-populated\">\n\t\t\t\t\t\t\t\t<div class=\"elementor-element elementor-element-3e09a8f elementor-widget__width-auto elementor-absolute elementor-hidden-tablet elementor-hidden-phone elementor-widget elementor-widget-image\" data-id=\"3e09a8f\" data-element_type=\"widget\" data-settings=\"{&quot;_position&quot;:&quot;absolute&quot;}\" data-widget_type=\"image.default\">\n\t\t\t\t<div class=\"elementor-widget-container\">\n\t\t\t\t\t\t\t\t\t\t\t\t\t\t\t\t<a href=\"https:\/\/seelfood.com\/\">\n\t\t\t\t\t\t\t<img loading=\"lazy\" decoding=\"async\" width=\"150\" height=\"150\" src=\"https:\/\/seel.com.tr\/wp-content\/uploads\/2023\/09\/seelfood-logo-beyaz-150x150.png\" class=\"attachment-thumbnail size-thumbnail wp-image-8210\" alt=\"\" srcset=\"https:\/\/seel.com.tr\/wp-content\/uploads\/2023\/09\/seelfood-logo-beyaz-150x150.png 150w, https:\/\/seel.com.tr\/wp-content\/uploads\/2023\/09\/seelfood-logo-beyaz-300x300.png 300w, https:\/\/seel.com.tr\/wp-content\/uploads\/2023\/09\/seelfood-logo-beyaz-768x768.png 768w, https:\/\/seel.com.tr\/wp-content\/uploads\/2023\/09\/seelfood-logo-beyaz-100x100.png 100w, https:\/\/seel.com.tr\/wp-content\/uploads\/2023\/09\/seelfood-logo-beyaz-450x450.png 450w, https:\/\/seel.com.tr\/wp-content\/uploads\/2023\/09\/seelfood-logo-beyaz-800x800.png 800w, https:\/\/seel.com.tr\/wp-content\/uploads\/2023\/09\/seelfood-logo-beyaz.png 1000w\" sizes=\"auto, (max-width: 150px) 100vw, 150px\" \/>\t\t\t\t\t\t\t\t<\/a>\n\t\t\t\t\t\t\t\t\t\t\t\t\t\t\t<\/div>\n\t\t\t\t<\/div>\n\t\t\t\t<div class=\"elementor-element elementor-element-cebd514 elementor-hidden-tablet elementor-hidden-phone elementor-widget elementor-widget-image\" data-id=\"cebd514\" data-element_type=\"widget\" data-widget_type=\"image.default\">\n\t\t\t\t<div class=\"elementor-widget-container\">\n\t\t\t\t\t\t\t\t\t\t\t\t\t\t\t<img loading=\"lazy\" decoding=\"async\" width=\"110\" height=\"110\" src=\"https:\/\/seel.com.tr\/wp-content\/uploads\/2020\/08\/h13-slider2.png\" class=\"attachment-full size-full wp-image-5014\" alt=\"home13\" srcset=\"https:\/\/seel.com.tr\/wp-content\/uploads\/2020\/08\/h13-slider2.png 110w, https:\/\/seel.com.tr\/wp-content\/uploads\/2020\/08\/h13-slider2-100x100.png 100w\" sizes=\"auto, (max-width: 110px) 100vw, 110px\" \/>\t\t\t\t\t\t\t\t\t\t\t\t\t\t\t<\/div>\n\t\t\t\t<\/div>\n\t\t\t\t\t<\/div>\n\t\t<\/div>\n\t\t\t\t\t\t\t<\/div>\n\t\t<\/div>\n\t\t\t\t\t<\/div>\n\t\t<\/div>\n\t\t\t\t\t\t\t<\/div>\n\t\t<\/div>\n\t\t\t\t\t\t\t<\/div>\n\t\t","protected":false},"excerpt":{"rendered":"<p>Who are we ? Seel Food Company was established in Elazig in 2010 in order to make the traditional products produced locally in Anatolia easily accessible for everyone. Continuing to produce honey in Elaz\u0131\u011f province, Seel produces tulum cheese in the Munzur plateau and olive oil in Ayd\u0131n province. What are we doing? Seel, which [&hellip;]<\/p>\n","protected":false},"author":1,"featured_media":0,"parent":0,"menu_order":0,"comment_status":"closed","ping_status":"closed","template":"","meta":{"inline_featured_image":false,"footnotes":""},"class_list":["post-7877","page","type-page","status-publish","hentry"],"yoast_head":"<!-- This site is optimized with the Yoast SEO plugin v20.13 - https:\/\/yoast.com\/wordpress\/plugins\/seo\/ -->\n<title>About Us - Seel Food<\/title>\n<meta name=\"robots\" content=\"index, follow, max-snippet:-1, max-image-preview:large, max-video-preview:-1\" \/>\n<link rel=\"canonical\" href=\"https:\/\/seel.com.tr\/en\/about-us\/\" \/>\n<meta property=\"og:locale\" content=\"en_US\" \/>\n<meta property=\"og:type\" content=\"article\" \/>\n<meta property=\"og:title\" content=\"About Us - Seel Food\" \/>\n<meta property=\"og:description\" content=\"Who are we ? Seel Food Company was established in Elazig in 2010 in order to make the traditional products produced locally in Anatolia easily accessible for everyone. Continuing to produce honey in Elaz\u0131\u011f province, Seel produces tulum cheese in the Munzur plateau and olive oil in Ayd\u0131n province. What are we doing? Seel, which [&hellip;]\" \/>\n<meta property=\"og:url\" content=\"https:\/\/seel.com.tr\/en\/about-us\/\" \/>\n<meta property=\"og:site_name\" content=\"Seel Food\" \/>\n<meta property=\"article:modified_time\" content=\"2023-10-05T13:39:40+00:00\" \/>\n<meta property=\"og:image\" content=\"https:\/\/seel.com.tr\/wp-content\/uploads\/2020\/08\/seel-logo-2.png\" \/>\n<meta name=\"twitter:card\" content=\"summary_large_image\" \/>\n<meta name=\"twitter:label1\" content=\"Est. reading time\" \/>\n\t<meta name=\"twitter:data1\" content=\"16 minutes\" \/>\n<script type=\"application\/ld+json\" class=\"yoast-schema-graph\">{\"@context\":\"https:\/\/schema.org\",\"@graph\":[{\"@type\":\"WebPage\",\"@id\":\"https:\/\/seel.com.tr\/en\/about-us\/\",\"url\":\"https:\/\/seel.com.tr\/en\/about-us\/\",\"name\":\"About Us - Seel Food\",\"isPartOf\":{\"@id\":\"https:\/\/seel.com.tr\/en\/#website\"},\"datePublished\":\"2020-08-10T05:56:49+00:00\",\"dateModified\":\"2023-10-05T13:39:40+00:00\",\"breadcrumb\":{\"@id\":\"https:\/\/seel.com.tr\/en\/about-us\/#breadcrumb\"},\"inLanguage\":\"en-US\",\"potentialAction\":[{\"@type\":\"ReadAction\",\"target\":[\"https:\/\/seel.com.tr\/en\/about-us\/\"]}]},{\"@type\":\"BreadcrumbList\",\"@id\":\"https:\/\/seel.com.tr\/en\/about-us\/#breadcrumb\",\"itemListElement\":[{\"@type\":\"ListItem\",\"position\":1,\"name\":\"Anasayfa\",\"item\":\"https:\/\/seel.com.tr\/en\/\"},{\"@type\":\"ListItem\",\"position\":2,\"name\":\"About Us\"}]},{\"@type\":\"WebSite\",\"@id\":\"https:\/\/seel.com.tr\/en\/#website\",\"url\":\"https:\/\/seel.com.tr\/en\/\",\"name\":\"Seel Food\",\"description\":\"\",\"potentialAction\":[{\"@type\":\"SearchAction\",\"target\":{\"@type\":\"EntryPoint\",\"urlTemplate\":\"https:\/\/seel.com.tr\/en\/?s={search_term_string}\"},\"query-input\":\"required name=search_term_string\"}],\"inLanguage\":\"en-US\"}]}<\/script>\n<!-- \/ Yoast SEO plugin. -->","yoast_head_json":{"title":"About Us - Seel Food","robots":{"index":"index","follow":"follow","max-snippet":"max-snippet:-1","max-image-preview":"max-image-preview:large","max-video-preview":"max-video-preview:-1"},"canonical":"https:\/\/seel.com.tr\/en\/about-us\/","og_locale":"en_US","og_type":"article","og_title":"About Us - Seel Food","og_description":"Who are we ? Seel Food Company was established in Elazig in 2010 in order to make the traditional products produced locally in Anatolia easily accessible for everyone. Continuing to produce honey in Elaz\u0131\u011f province, Seel produces tulum cheese in the Munzur plateau and olive oil in Ayd\u0131n province. What are we doing? Seel, which [&hellip;]","og_url":"https:\/\/seel.com.tr\/en\/about-us\/","og_site_name":"Seel Food","article_modified_time":"2023-10-05T13:39:40+00:00","og_image":[{"url":"https:\/\/seel.com.tr\/wp-content\/uploads\/2020\/08\/seel-logo-2.png"}],"twitter_card":"summary_large_image","twitter_misc":{"Est. reading time":"16 minutes"},"schema":{"@context":"https:\/\/schema.org","@graph":[{"@type":"WebPage","@id":"https:\/\/seel.com.tr\/en\/about-us\/","url":"https:\/\/seel.com.tr\/en\/about-us\/","name":"About Us - Seel Food","isPartOf":{"@id":"https:\/\/seel.com.tr\/en\/#website"},"datePublished":"2020-08-10T05:56:49+00:00","dateModified":"2023-10-05T13:39:40+00:00","breadcrumb":{"@id":"https:\/\/seel.com.tr\/en\/about-us\/#breadcrumb"},"inLanguage":"en-US","potentialAction":[{"@type":"ReadAction","target":["https:\/\/seel.com.tr\/en\/about-us\/"]}]},{"@type":"BreadcrumbList","@id":"https:\/\/seel.com.tr\/en\/about-us\/#breadcrumb","itemListElement":[{"@type":"ListItem","position":1,"name":"Anasayfa","item":"https:\/\/seel.com.tr\/en\/"},{"@type":"ListItem","position":2,"name":"About Us"}]},{"@type":"WebSite","@id":"https:\/\/seel.com.tr\/en\/#website","url":"https:\/\/seel.com.tr\/en\/","name":"Seel Food","description":"","potentialAction":[{"@type":"SearchAction","target":{"@type":"EntryPoint","urlTemplate":"https:\/\/seel.com.tr\/en\/?s={search_term_string}"},"query-input":"required name=search_term_string"}],"inLanguage":"en-US"}]}},"_links":{"self":[{"href":"https:\/\/seel.com.tr\/en\/wp-json\/wp\/v2\/pages\/7877","targetHints":{"allow":["GET"]}}],"collection":[{"href":"https:\/\/seel.com.tr\/en\/wp-json\/wp\/v2\/pages"}],"about":[{"href":"https:\/\/seel.com.tr\/en\/wp-json\/wp\/v2\/types\/page"}],"author":[{"embeddable":true,"href":"https:\/\/seel.com.tr\/en\/wp-json\/wp\/v2\/users\/1"}],"replies":[{"embeddable":true,"href":"https:\/\/seel.com.tr\/en\/wp-json\/wp\/v2\/comments?post=7877"}],"version-history":[{"count":8,"href":"https:\/\/seel.com.tr\/en\/wp-json\/wp\/v2\/pages\/7877\/revisions"}],"predecessor-version":[{"id":8299,"href":"https:\/\/seel.com.tr\/en\/wp-json\/wp\/v2\/pages\/7877\/revisions\/8299"}],"wp:attachment":[{"href":"https:\/\/seel.com.tr\/en\/wp-json\/wp\/v2\/media?parent=7877"}],"curies":[{"name":"wp","href":"https:\/\/api.w.org\/{rel}","templated":true}]}}