{"id":7917,"date":"2023-08-23T11:34:40","date_gmt":"2023-08-23T08:34:40","guid":{"rendered":"https:\/\/seel.com.tr\/urun\/elazig-karakovan-bali-1000-gr\/"},"modified":"2023-08-24T14:30:46","modified_gmt":"2023-08-24T11:30:46","slug":"elazig-karakovan-bali-1000-gr","status":"publish","type":"product","link":"https:\/\/seel.com.tr\/en\/urun\/elazig-karakovan-bali-1000-gr\/","title":{"rendered":"Elaz\u0131\u011f Wild Honeycomb 1000 gr"},"content":{"rendered":"<p>It is produced in natural linden log hives kept in the dark. Bees produce the comb of this honey that artificial beeswax is not used, with their own wax secretions. Since the environment should be dark, the cover of the comb is almost never opened during the production of the wild honeycomb, and the honey is kept there for about six months.<\/p>\n<p>Seel Food Company collects wild organic honeycomb directly from the high regions of Anatolia where is rich with endemic biodiversity hotspots. Wild honeycomb is produced naturally without using any additives. It has organic certification.<\/p>\n<p>Standard packaging is not possible as it is naturally collected from nature. It is packaged in small wooden packaging ranging from 500 g to 700 g and in large wooden packaging ranging from 1100 g to 1400 g. It is sold by weighing.<\/p>\n<p>Seel Elaz\u0131\u011f Organic Wild Honey Comb has a wide range of colors from light yellow to dark amber. It has an intensely aromatic, melt-in-your-mouth sweet taste.<\/p>\n<p>Comb honey crystallize later than liquid honey. In comb honey, the honey is kept in its natural packaging by being glazed by the bees. This prolongs the crystallization time of honey.<\/p>\n","protected":false},"excerpt":{"rendered":"<p>Elaz\u0131\u011f Wild Honeycomb 1000 gr<\/p>\n<p>&nbsp;<\/p>\n","protected":false},"featured_media":8070,"comment_status":"open","ping_status":"closed","template":"","meta":{"inline_featured_image":false},"product_cat":[260],"product_tag":[262,263,266,264,268,267,265],"class_list":["post-7917","product","type-product","status-publish","has-post-thumbnail","hentry","product_cat-honeys","product_tag-anatolian-honey-en","product_tag-flower-comb-honey-en","product_tag-karakovan-comb-honey-en","product_tag-natural-additive-free-honey-en","product_tag-organic-comb-honey-en","product_tag-organic-honey-en","product_tag-raw-honey-en"],"yoast_head":"<!-- This site is optimized with the Yoast SEO plugin v20.13 - https:\/\/yoast.com\/wordpress\/plugins\/seo\/ -->\n<title>Elaz\u0131\u011f Wild Honeycomb 1000 gr - Seel Food<\/title>\n<meta name=\"description\" content=\"Elaz\u0131\u011f Karakovan Bal\u0131 1000 gr , Seel Hayvanc\u0131l\u0131k Tar\u0131m G\u0131da Anadolunun bir \u00e7ok yerinde bal \u00fcretimi yapmaktad\u0131r. Karakovan Bal ve di\u011fer bal \u00e7e\u015fitlerimiz i\u00e7in t\u0131klay\u0131n\u0131z.\" \/>\n<meta name=\"robots\" content=\"index, follow, max-snippet:-1, max-image-preview:large, max-video-preview:-1\" \/>\n<link rel=\"canonical\" href=\"https:\/\/seel.com.tr\/en\/urun\/elazig-karakovan-bali-1000-gr\/\" \/>\n<meta property=\"og:locale\" content=\"en_US\" \/>\n<meta property=\"og:type\" content=\"article\" \/>\n<meta property=\"og:title\" content=\"Elaz\u0131\u011f Wild Honeycomb 1000 gr - Seel Food\" \/>\n<meta property=\"og:description\" content=\"Elaz\u0131\u011f Karakovan Bal\u0131 1000 gr , Seel Hayvanc\u0131l\u0131k Tar\u0131m G\u0131da Anadolunun bir \u00e7ok yerinde bal \u00fcretimi yapmaktad\u0131r. Karakovan Bal ve di\u011fer bal \u00e7e\u015fitlerimiz i\u00e7in t\u0131klay\u0131n\u0131z.\" \/>\n<meta property=\"og:url\" content=\"https:\/\/seel.com.tr\/en\/urun\/elazig-karakovan-bali-1000-gr\/\" \/>\n<meta property=\"og:site_name\" content=\"Seel Food\" \/>\n<meta property=\"article:modified_time\" content=\"2023-08-24T11:30:46+00:00\" \/>\n<meta property=\"og:image\" content=\"https:\/\/seel.com.tr\/wp-content\/uploads\/2023\/08\/karakovan-petek-bal-1.png\" \/>\n\t<meta property=\"og:image:width\" content=\"750\" \/>\n\t<meta property=\"og:image:height\" content=\"750\" \/>\n\t<meta property=\"og:image:type\" content=\"image\/png\" \/>\n<meta name=\"twitter:card\" content=\"summary_large_image\" \/>\n<meta name=\"twitter:label1\" content=\"Est. reading time\" \/>\n\t<meta name=\"twitter:data1\" content=\"2 minutes\" \/>\n<script type=\"application\/ld+json\" class=\"yoast-schema-graph\">{\"@context\":\"https:\/\/schema.org\",\"@graph\":[{\"@type\":\"WebPage\",\"@id\":\"https:\/\/seel.com.tr\/en\/urun\/elazig-karakovan-bali-1000-gr\/\",\"url\":\"https:\/\/seel.com.tr\/en\/urun\/elazig-karakovan-bali-1000-gr\/\",\"name\":\"Elaz\u0131\u011f Wild Honeycomb 1000 gr - Seel Food\",\"isPartOf\":{\"@id\":\"https:\/\/seel.com.tr\/en\/#website\"},\"datePublished\":\"2023-08-23T08:34:40+00:00\",\"dateModified\":\"2023-08-24T11:30:46+00:00\",\"description\":\"Elaz\u0131\u011f Karakovan Bal\u0131 1000 gr , Seel Hayvanc\u0131l\u0131k Tar\u0131m G\u0131da Anadolunun bir \u00e7ok yerinde bal \u00fcretimi yapmaktad\u0131r. Karakovan Bal ve di\u011fer bal \u00e7e\u015fitlerimiz i\u00e7in t\u0131klay\u0131n\u0131z.\",\"breadcrumb\":{\"@id\":\"https:\/\/seel.com.tr\/en\/urun\/elazig-karakovan-bali-1000-gr\/#breadcrumb\"},\"inLanguage\":\"en-US\",\"potentialAction\":[{\"@type\":\"ReadAction\",\"target\":[\"https:\/\/seel.com.tr\/en\/urun\/elazig-karakovan-bali-1000-gr\/\"]}]},{\"@type\":\"BreadcrumbList\",\"@id\":\"https:\/\/seel.com.tr\/en\/urun\/elazig-karakovan-bali-1000-gr\/#breadcrumb\",\"itemListElement\":[{\"@type\":\"ListItem\",\"position\":1,\"name\":\"Anasayfa\",\"item\":\"https:\/\/seel.com.tr\/en\/\"},{\"@type\":\"ListItem\",\"position\":2,\"name\":\"Shop\",\"item\":\"https:\/\/seel.com.tr\/magaza\/\"},{\"@type\":\"ListItem\",\"position\":3,\"name\":\"Elaz\u0131\u011f Wild Honeycomb 1000 gr\"}]},{\"@type\":\"WebSite\",\"@id\":\"https:\/\/seel.com.tr\/en\/#website\",\"url\":\"https:\/\/seel.com.tr\/en\/\",\"name\":\"Seel Food\",\"description\":\"\",\"potentialAction\":[{\"@type\":\"SearchAction\",\"target\":{\"@type\":\"EntryPoint\",\"urlTemplate\":\"https:\/\/seel.com.tr\/en\/?s={search_term_string}\"},\"query-input\":\"required name=search_term_string\"}],\"inLanguage\":\"en-US\"}]}<\/script>\n<!-- \/ Yoast SEO plugin. -->","yoast_head_json":{"title":"Elaz\u0131\u011f Wild Honeycomb 1000 gr - Seel Food","description":"Elaz\u0131\u011f Karakovan Bal\u0131 1000 gr , Seel Hayvanc\u0131l\u0131k Tar\u0131m G\u0131da Anadolunun bir \u00e7ok yerinde bal \u00fcretimi yapmaktad\u0131r. Karakovan Bal ve di\u011fer bal \u00e7e\u015fitlerimiz i\u00e7in t\u0131klay\u0131n\u0131z.","robots":{"index":"index","follow":"follow","max-snippet":"max-snippet:-1","max-image-preview":"max-image-preview:large","max-video-preview":"max-video-preview:-1"},"canonical":"https:\/\/seel.com.tr\/en\/urun\/elazig-karakovan-bali-1000-gr\/","og_locale":"en_US","og_type":"article","og_title":"Elaz\u0131\u011f Wild Honeycomb 1000 gr - Seel Food","og_description":"Elaz\u0131\u011f Karakovan Bal\u0131 1000 gr , Seel Hayvanc\u0131l\u0131k Tar\u0131m G\u0131da Anadolunun bir \u00e7ok yerinde bal \u00fcretimi yapmaktad\u0131r. Karakovan Bal ve di\u011fer bal \u00e7e\u015fitlerimiz i\u00e7in t\u0131klay\u0131n\u0131z.","og_url":"https:\/\/seel.com.tr\/en\/urun\/elazig-karakovan-bali-1000-gr\/","og_site_name":"Seel Food","article_modified_time":"2023-08-24T11:30:46+00:00","og_image":[{"width":750,"height":750,"url":"https:\/\/seel.com.tr\/wp-content\/uploads\/2023\/08\/karakovan-petek-bal-1.png","type":"image\/png"}],"twitter_card":"summary_large_image","twitter_misc":{"Est. reading time":"2 minutes"},"schema":{"@context":"https:\/\/schema.org","@graph":[{"@type":"WebPage","@id":"https:\/\/seel.com.tr\/en\/urun\/elazig-karakovan-bali-1000-gr\/","url":"https:\/\/seel.com.tr\/en\/urun\/elazig-karakovan-bali-1000-gr\/","name":"Elaz\u0131\u011f Wild Honeycomb 1000 gr - Seel Food","isPartOf":{"@id":"https:\/\/seel.com.tr\/en\/#website"},"datePublished":"2023-08-23T08:34:40+00:00","dateModified":"2023-08-24T11:30:46+00:00","description":"Elaz\u0131\u011f Karakovan Bal\u0131 1000 gr , Seel Hayvanc\u0131l\u0131k Tar\u0131m G\u0131da Anadolunun bir \u00e7ok yerinde bal \u00fcretimi yapmaktad\u0131r. Karakovan Bal ve di\u011fer bal \u00e7e\u015fitlerimiz i\u00e7in t\u0131klay\u0131n\u0131z.","breadcrumb":{"@id":"https:\/\/seel.com.tr\/en\/urun\/elazig-karakovan-bali-1000-gr\/#breadcrumb"},"inLanguage":"en-US","potentialAction":[{"@type":"ReadAction","target":["https:\/\/seel.com.tr\/en\/urun\/elazig-karakovan-bali-1000-gr\/"]}]},{"@type":"BreadcrumbList","@id":"https:\/\/seel.com.tr\/en\/urun\/elazig-karakovan-bali-1000-gr\/#breadcrumb","itemListElement":[{"@type":"ListItem","position":1,"name":"Anasayfa","item":"https:\/\/seel.com.tr\/en\/"},{"@type":"ListItem","position":2,"name":"Shop","item":"https:\/\/seel.com.tr\/magaza\/"},{"@type":"ListItem","position":3,"name":"Elaz\u0131\u011f Wild Honeycomb 1000 gr"}]},{"@type":"WebSite","@id":"https:\/\/seel.com.tr\/en\/#website","url":"https:\/\/seel.com.tr\/en\/","name":"Seel Food","description":"","potentialAction":[{"@type":"SearchAction","target":{"@type":"EntryPoint","urlTemplate":"https:\/\/seel.com.tr\/en\/?s={search_term_string}"},"query-input":"required name=search_term_string"}],"inLanguage":"en-US"}]}},"_links":{"self":[{"href":"https:\/\/seel.com.tr\/en\/wp-json\/wp\/v2\/product\/7917","targetHints":{"allow":["GET"]}}],"collection":[{"href":"https:\/\/seel.com.tr\/en\/wp-json\/wp\/v2\/product"}],"about":[{"href":"https:\/\/seel.com.tr\/en\/wp-json\/wp\/v2\/types\/product"}],"replies":[{"embeddable":true,"href":"https:\/\/seel.com.tr\/en\/wp-json\/wp\/v2\/comments?post=7917"}],"wp:featuredmedia":[{"embeddable":true,"href":"https:\/\/seel.com.tr\/en\/wp-json\/wp\/v2\/media\/8070"}],"wp:attachment":[{"href":"https:\/\/seel.com.tr\/en\/wp-json\/wp\/v2\/media?parent=7917"}],"wp:term":[{"taxonomy":"product_cat","embeddable":true,"href":"https:\/\/seel.com.tr\/en\/wp-json\/wp\/v2\/product_cat?post=7917"},{"taxonomy":"product_tag","embeddable":true,"href":"https:\/\/seel.com.tr\/en\/wp-json\/wp\/v2\/product_tag?post=7917"}],"curies":[{"name":"wp","href":"https:\/\/api.w.org\/{rel}","templated":true}]}}