{"id":7927,"date":"2023-08-23T11:34:38","date_gmt":"2023-08-23T08:34:38","guid":{"rendered":"https:\/\/seel.com.tr\/urun\/seel-elazig-yayik-tereyag-tuzsuz-500-gr\/"},"modified":"2023-08-24T14:46:17","modified_gmt":"2023-08-24T11:46:17","slug":"seel-elazig-yayik-tereyag-tuzsuz-500-gr","status":"publish","type":"product","link":"https:\/\/seel.com.tr\/en\/urun\/seel-elazig-yayik-tereyag-tuzsuz-500-gr\/","title":{"rendered":"Seel Elaz\u0131\u011f Unsalted Butter 500 Gr"},"content":{"rendered":"<p>Butter is the fat obtained from natural yogurt. Compared to the butter obtained from cream and milk cream, churn butter obtained with natural yogurt, rich in probiotics, is more beneficial.<\/p>\n<p>&nbsp;<\/p>\n<p>The fact that the milk in the production of churn butter is obtained from the milk of animals collected during the season and fed with natural grass makes the butter better quality. For this reason, Seel Food Company produces churn butter from the milk collected from the rich endemic vegetation of Elazig province villages. Elazig Yay\u0131k Butter is presented to the consumer with the name of the region where it is produced. Seel Elaz\u0131\u011f Yay\u0131k butter is unsalted in 500 gr vacuum packaging for your breakfasts; it is packed in 1 kg plastic buckets by salting for meals.<\/p>\n<p>The color of butter may vary depending on the milk obtained.<\/p>\n","protected":false},"excerpt":{"rendered":"<p>Seel Elaz\u0131\u011f Unsalted Butter 500 Gr<\/p>\n<p>&nbsp;<\/p>\n","protected":false},"featured_media":7866,"comment_status":"open","ping_status":"closed","template":"","meta":{"inline_featured_image":false},"product_cat":[287],"product_tag":[300,302,299,301],"class_list":["post-7927","product","type-product","status-publish","has-post-thumbnail","hentry","product_cat-butter","product_tag-butter-en","product_tag-buttermilk-en","product_tag-elazig-butter-en","product_tag-unsalted-butter-en"],"yoast_head":"<!-- This site is optimized with the Yoast SEO plugin v20.13 - https:\/\/yoast.com\/wordpress\/plugins\/seo\/ -->\n<title>Seel Elaz\u0131\u011f Unsalted Butter 500 Gr - Seel Food<\/title>\n<meta name=\"description\" content=\"Seel Elaz\u0131\u011f Yay\u0131k Tereya\u011f Tuzsuz 500 Gr ve Bir\u00e7ok \u00c7e\u015fit Peynir \u00dcr\u00fcnleri i\u00e7in t\u0131klay\u0131n\u0131z.\" \/>\n<meta name=\"robots\" content=\"index, follow, max-snippet:-1, max-image-preview:large, max-video-preview:-1\" \/>\n<link rel=\"canonical\" href=\"https:\/\/seel.com.tr\/en\/urun\/seel-elazig-yayik-tereyag-tuzsuz-500-gr\/\" \/>\n<meta property=\"og:locale\" content=\"en_US\" \/>\n<meta property=\"og:type\" content=\"article\" \/>\n<meta property=\"og:title\" content=\"Seel Elaz\u0131\u011f Unsalted Butter 500 Gr - Seel Food\" \/>\n<meta property=\"og:description\" content=\"Seel Elaz\u0131\u011f Yay\u0131k Tereya\u011f Tuzsuz 500 Gr ve Bir\u00e7ok \u00c7e\u015fit Peynir \u00dcr\u00fcnleri i\u00e7in t\u0131klay\u0131n\u0131z.\" \/>\n<meta property=\"og:url\" content=\"https:\/\/seel.com.tr\/en\/urun\/seel-elazig-yayik-tereyag-tuzsuz-500-gr\/\" \/>\n<meta property=\"og:site_name\" content=\"Seel Food\" \/>\n<meta property=\"article:modified_time\" content=\"2023-08-24T11:46:17+00:00\" \/>\n<meta property=\"og:image\" content=\"https:\/\/seel.com.tr\/wp-content\/uploads\/2023\/08\/tereyag500g-1.png\" \/>\n\t<meta property=\"og:image:width\" content=\"1500\" \/>\n\t<meta property=\"og:image:height\" content=\"1500\" \/>\n\t<meta property=\"og:image:type\" content=\"image\/png\" \/>\n<meta name=\"twitter:card\" content=\"summary_large_image\" \/>\n<meta name=\"twitter:label1\" content=\"Est. reading time\" \/>\n\t<meta name=\"twitter:data1\" content=\"1 minute\" \/>\n<script type=\"application\/ld+json\" class=\"yoast-schema-graph\">{\"@context\":\"https:\/\/schema.org\",\"@graph\":[{\"@type\":\"WebPage\",\"@id\":\"https:\/\/seel.com.tr\/en\/urun\/seel-elazig-yayik-tereyag-tuzsuz-500-gr\/\",\"url\":\"https:\/\/seel.com.tr\/en\/urun\/seel-elazig-yayik-tereyag-tuzsuz-500-gr\/\",\"name\":\"Seel Elaz\u0131\u011f Unsalted Butter 500 Gr - Seel Food\",\"isPartOf\":{\"@id\":\"https:\/\/seel.com.tr\/en\/#website\"},\"datePublished\":\"2023-08-23T08:34:38+00:00\",\"dateModified\":\"2023-08-24T11:46:17+00:00\",\"description\":\"Seel Elaz\u0131\u011f Yay\u0131k Tereya\u011f Tuzsuz 500 Gr ve Bir\u00e7ok \u00c7e\u015fit Peynir \u00dcr\u00fcnleri i\u00e7in t\u0131klay\u0131n\u0131z.\",\"breadcrumb\":{\"@id\":\"https:\/\/seel.com.tr\/en\/urun\/seel-elazig-yayik-tereyag-tuzsuz-500-gr\/#breadcrumb\"},\"inLanguage\":\"en-US\",\"potentialAction\":[{\"@type\":\"ReadAction\",\"target\":[\"https:\/\/seel.com.tr\/en\/urun\/seel-elazig-yayik-tereyag-tuzsuz-500-gr\/\"]}]},{\"@type\":\"BreadcrumbList\",\"@id\":\"https:\/\/seel.com.tr\/en\/urun\/seel-elazig-yayik-tereyag-tuzsuz-500-gr\/#breadcrumb\",\"itemListElement\":[{\"@type\":\"ListItem\",\"position\":1,\"name\":\"Anasayfa\",\"item\":\"https:\/\/seel.com.tr\/en\/\"},{\"@type\":\"ListItem\",\"position\":2,\"name\":\"Shop\",\"item\":\"https:\/\/seel.com.tr\/magaza\/\"},{\"@type\":\"ListItem\",\"position\":3,\"name\":\"Seel Elaz\u0131\u011f Unsalted Butter 500 Gr\"}]},{\"@type\":\"WebSite\",\"@id\":\"https:\/\/seel.com.tr\/en\/#website\",\"url\":\"https:\/\/seel.com.tr\/en\/\",\"name\":\"Seel Food\",\"description\":\"\",\"potentialAction\":[{\"@type\":\"SearchAction\",\"target\":{\"@type\":\"EntryPoint\",\"urlTemplate\":\"https:\/\/seel.com.tr\/en\/?s={search_term_string}\"},\"query-input\":\"required name=search_term_string\"}],\"inLanguage\":\"en-US\"}]}<\/script>\n<!-- \/ Yoast SEO plugin. -->","yoast_head_json":{"title":"Seel Elaz\u0131\u011f Unsalted Butter 500 Gr - Seel Food","description":"Seel Elaz\u0131\u011f Yay\u0131k Tereya\u011f Tuzsuz 500 Gr ve Bir\u00e7ok \u00c7e\u015fit Peynir \u00dcr\u00fcnleri i\u00e7in t\u0131klay\u0131n\u0131z.","robots":{"index":"index","follow":"follow","max-snippet":"max-snippet:-1","max-image-preview":"max-image-preview:large","max-video-preview":"max-video-preview:-1"},"canonical":"https:\/\/seel.com.tr\/en\/urun\/seel-elazig-yayik-tereyag-tuzsuz-500-gr\/","og_locale":"en_US","og_type":"article","og_title":"Seel Elaz\u0131\u011f Unsalted Butter 500 Gr - Seel Food","og_description":"Seel Elaz\u0131\u011f Yay\u0131k Tereya\u011f Tuzsuz 500 Gr ve Bir\u00e7ok \u00c7e\u015fit Peynir \u00dcr\u00fcnleri i\u00e7in t\u0131klay\u0131n\u0131z.","og_url":"https:\/\/seel.com.tr\/en\/urun\/seel-elazig-yayik-tereyag-tuzsuz-500-gr\/","og_site_name":"Seel Food","article_modified_time":"2023-08-24T11:46:17+00:00","og_image":[{"width":1500,"height":1500,"url":"https:\/\/seel.com.tr\/wp-content\/uploads\/2023\/08\/tereyag500g-1.png","type":"image\/png"}],"twitter_card":"summary_large_image","twitter_misc":{"Est. reading time":"1 minute"},"schema":{"@context":"https:\/\/schema.org","@graph":[{"@type":"WebPage","@id":"https:\/\/seel.com.tr\/en\/urun\/seel-elazig-yayik-tereyag-tuzsuz-500-gr\/","url":"https:\/\/seel.com.tr\/en\/urun\/seel-elazig-yayik-tereyag-tuzsuz-500-gr\/","name":"Seel Elaz\u0131\u011f Unsalted Butter 500 Gr - Seel Food","isPartOf":{"@id":"https:\/\/seel.com.tr\/en\/#website"},"datePublished":"2023-08-23T08:34:38+00:00","dateModified":"2023-08-24T11:46:17+00:00","description":"Seel Elaz\u0131\u011f Yay\u0131k Tereya\u011f Tuzsuz 500 Gr ve Bir\u00e7ok \u00c7e\u015fit Peynir \u00dcr\u00fcnleri i\u00e7in t\u0131klay\u0131n\u0131z.","breadcrumb":{"@id":"https:\/\/seel.com.tr\/en\/urun\/seel-elazig-yayik-tereyag-tuzsuz-500-gr\/#breadcrumb"},"inLanguage":"en-US","potentialAction":[{"@type":"ReadAction","target":["https:\/\/seel.com.tr\/en\/urun\/seel-elazig-yayik-tereyag-tuzsuz-500-gr\/"]}]},{"@type":"BreadcrumbList","@id":"https:\/\/seel.com.tr\/en\/urun\/seel-elazig-yayik-tereyag-tuzsuz-500-gr\/#breadcrumb","itemListElement":[{"@type":"ListItem","position":1,"name":"Anasayfa","item":"https:\/\/seel.com.tr\/en\/"},{"@type":"ListItem","position":2,"name":"Shop","item":"https:\/\/seel.com.tr\/magaza\/"},{"@type":"ListItem","position":3,"name":"Seel Elaz\u0131\u011f Unsalted Butter 500 Gr"}]},{"@type":"WebSite","@id":"https:\/\/seel.com.tr\/en\/#website","url":"https:\/\/seel.com.tr\/en\/","name":"Seel Food","description":"","potentialAction":[{"@type":"SearchAction","target":{"@type":"EntryPoint","urlTemplate":"https:\/\/seel.com.tr\/en\/?s={search_term_string}"},"query-input":"required name=search_term_string"}],"inLanguage":"en-US"}]}},"_links":{"self":[{"href":"https:\/\/seel.com.tr\/en\/wp-json\/wp\/v2\/product\/7927","targetHints":{"allow":["GET"]}}],"collection":[{"href":"https:\/\/seel.com.tr\/en\/wp-json\/wp\/v2\/product"}],"about":[{"href":"https:\/\/seel.com.tr\/en\/wp-json\/wp\/v2\/types\/product"}],"replies":[{"embeddable":true,"href":"https:\/\/seel.com.tr\/en\/wp-json\/wp\/v2\/comments?post=7927"}],"wp:featuredmedia":[{"embeddable":true,"href":"https:\/\/seel.com.tr\/en\/wp-json\/wp\/v2\/media\/7866"}],"wp:attachment":[{"href":"https:\/\/seel.com.tr\/en\/wp-json\/wp\/v2\/media?parent=7927"}],"wp:term":[{"taxonomy":"product_cat","embeddable":true,"href":"https:\/\/seel.com.tr\/en\/wp-json\/wp\/v2\/product_cat?post=7927"},{"taxonomy":"product_tag","embeddable":true,"href":"https:\/\/seel.com.tr\/en\/wp-json\/wp\/v2\/product_tag?post=7927"}],"curies":[{"name":"wp","href":"https:\/\/api.w.org\/{rel}","templated":true}]}}