{"id":7940,"date":"2023-08-23T11:34:33","date_gmt":"2023-08-23T08:34:33","guid":{"rendered":"https:\/\/seel.com.tr\/urun\/seel-dil-peyniri-250-gr\/"},"modified":"2023-08-24T14:58:44","modified_gmt":"2023-08-24T11:58:44","slug":"seel-dil-peyniri-250-gr","status":"publish","type":"product","link":"https:\/\/seel.com.tr\/en\/urun\/seel-dil-peyniri-250-gr\/","title":{"rendered":"Seel String  Cheese 250 Gr"},"content":{"rendered":"<p>It is one of the famous cheese varieties of Erzurum and Kars. It is produced from cow&#8217;s or sheep&#8217;s milk. It is an unsalted cheese. The feature that differs from other cheeses is that the cheese is separated one by one. Dil cheese is an alternative to cheddar cheese in terms of usage.<\/p>\n<p>Seel Food Company produces String Cheese in Bal\u0131kesir, Adapazar\u0131 and Thrace Regions.<br \/>\nIt is vacuum packed in 250 grams standard weights. It is offered for sale as Seel String Cheese.<\/p>\n<p>Made from 100% cow&#8217;s milk.<\/p>\n","protected":false},"excerpt":{"rendered":"<p>Seel String Cheese 250 Gr<\/p>\n","protected":false},"featured_media":7863,"comment_status":"open","ping_status":"closed","template":"","meta":{"inline_featured_image":false},"product_cat":[261],"product_tag":[313],"class_list":["post-7940","product","type-product","status-publish","has-post-thumbnail","hentry","product_cat-cheese","product_tag-string-cheese-en"],"yoast_head":"<!-- This site is optimized with the Yoast SEO plugin v20.13 - https:\/\/yoast.com\/wordpress\/plugins\/seo\/ -->\n<title>Seel String Cheese 250 Gr - Seel Food<\/title>\n<meta name=\"description\" content=\"Seel Dil Peynir 250 Gr ve Bir\u00e7ok \u00c7e\u015fit Peynir \u00dcr\u00fcnleri i\u00e7in t\u0131klay\u0131n\u0131z.\" \/>\n<meta name=\"robots\" content=\"index, follow, max-snippet:-1, max-image-preview:large, max-video-preview:-1\" \/>\n<link rel=\"canonical\" href=\"https:\/\/seel.com.tr\/en\/urun\/seel-dil-peyniri-250-gr\/\" \/>\n<meta property=\"og:locale\" content=\"en_US\" \/>\n<meta property=\"og:type\" content=\"article\" \/>\n<meta property=\"og:title\" content=\"Seel String Cheese 250 Gr - Seel Food\" \/>\n<meta property=\"og:description\" content=\"Seel Dil Peynir 250 Gr ve Bir\u00e7ok \u00c7e\u015fit Peynir \u00dcr\u00fcnleri i\u00e7in t\u0131klay\u0131n\u0131z.\" \/>\n<meta property=\"og:url\" content=\"https:\/\/seel.com.tr\/en\/urun\/seel-dil-peyniri-250-gr\/\" \/>\n<meta property=\"og:site_name\" content=\"Seel Food\" \/>\n<meta property=\"article:modified_time\" content=\"2023-08-24T11:58:44+00:00\" \/>\n<meta property=\"og:image\" content=\"https:\/\/seel.com.tr\/wp-content\/uploads\/2023\/08\/dil-peyniri.png\" \/>\n\t<meta property=\"og:image:width\" content=\"1500\" \/>\n\t<meta property=\"og:image:height\" content=\"1500\" \/>\n\t<meta property=\"og:image:type\" content=\"image\/png\" \/>\n<meta name=\"twitter:card\" content=\"summary_large_image\" \/>\n<meta name=\"twitter:label1\" content=\"Est. reading time\" \/>\n\t<meta name=\"twitter:data1\" content=\"1 minute\" \/>\n<script type=\"application\/ld+json\" class=\"yoast-schema-graph\">{\"@context\":\"https:\/\/schema.org\",\"@graph\":[{\"@type\":\"WebPage\",\"@id\":\"https:\/\/seel.com.tr\/en\/urun\/seel-dil-peyniri-250-gr\/\",\"url\":\"https:\/\/seel.com.tr\/en\/urun\/seel-dil-peyniri-250-gr\/\",\"name\":\"Seel String Cheese 250 Gr - Seel Food\",\"isPartOf\":{\"@id\":\"https:\/\/seel.com.tr\/en\/#website\"},\"datePublished\":\"2023-08-23T08:34:33+00:00\",\"dateModified\":\"2023-08-24T11:58:44+00:00\",\"description\":\"Seel Dil Peynir 250 Gr ve Bir\u00e7ok \u00c7e\u015fit Peynir \u00dcr\u00fcnleri i\u00e7in t\u0131klay\u0131n\u0131z.\",\"breadcrumb\":{\"@id\":\"https:\/\/seel.com.tr\/en\/urun\/seel-dil-peyniri-250-gr\/#breadcrumb\"},\"inLanguage\":\"en-US\",\"potentialAction\":[{\"@type\":\"ReadAction\",\"target\":[\"https:\/\/seel.com.tr\/en\/urun\/seel-dil-peyniri-250-gr\/\"]}]},{\"@type\":\"BreadcrumbList\",\"@id\":\"https:\/\/seel.com.tr\/en\/urun\/seel-dil-peyniri-250-gr\/#breadcrumb\",\"itemListElement\":[{\"@type\":\"ListItem\",\"position\":1,\"name\":\"Anasayfa\",\"item\":\"https:\/\/seel.com.tr\/en\/\"},{\"@type\":\"ListItem\",\"position\":2,\"name\":\"Shop\",\"item\":\"https:\/\/seel.com.tr\/magaza\/\"},{\"@type\":\"ListItem\",\"position\":3,\"name\":\"Seel String Cheese 250 Gr\"}]},{\"@type\":\"WebSite\",\"@id\":\"https:\/\/seel.com.tr\/en\/#website\",\"url\":\"https:\/\/seel.com.tr\/en\/\",\"name\":\"Seel Food\",\"description\":\"\",\"potentialAction\":[{\"@type\":\"SearchAction\",\"target\":{\"@type\":\"EntryPoint\",\"urlTemplate\":\"https:\/\/seel.com.tr\/en\/?s={search_term_string}\"},\"query-input\":\"required name=search_term_string\"}],\"inLanguage\":\"en-US\"}]}<\/script>\n<!-- \/ Yoast SEO plugin. -->","yoast_head_json":{"title":"Seel String Cheese 250 Gr - Seel Food","description":"Seel Dil Peynir 250 Gr ve Bir\u00e7ok \u00c7e\u015fit Peynir \u00dcr\u00fcnleri i\u00e7in t\u0131klay\u0131n\u0131z.","robots":{"index":"index","follow":"follow","max-snippet":"max-snippet:-1","max-image-preview":"max-image-preview:large","max-video-preview":"max-video-preview:-1"},"canonical":"https:\/\/seel.com.tr\/en\/urun\/seel-dil-peyniri-250-gr\/","og_locale":"en_US","og_type":"article","og_title":"Seel String Cheese 250 Gr - Seel Food","og_description":"Seel Dil Peynir 250 Gr ve Bir\u00e7ok \u00c7e\u015fit Peynir \u00dcr\u00fcnleri i\u00e7in t\u0131klay\u0131n\u0131z.","og_url":"https:\/\/seel.com.tr\/en\/urun\/seel-dil-peyniri-250-gr\/","og_site_name":"Seel Food","article_modified_time":"2023-08-24T11:58:44+00:00","og_image":[{"width":1500,"height":1500,"url":"https:\/\/seel.com.tr\/wp-content\/uploads\/2023\/08\/dil-peyniri.png","type":"image\/png"}],"twitter_card":"summary_large_image","twitter_misc":{"Est. reading time":"1 minute"},"schema":{"@context":"https:\/\/schema.org","@graph":[{"@type":"WebPage","@id":"https:\/\/seel.com.tr\/en\/urun\/seel-dil-peyniri-250-gr\/","url":"https:\/\/seel.com.tr\/en\/urun\/seel-dil-peyniri-250-gr\/","name":"Seel String Cheese 250 Gr - Seel Food","isPartOf":{"@id":"https:\/\/seel.com.tr\/en\/#website"},"datePublished":"2023-08-23T08:34:33+00:00","dateModified":"2023-08-24T11:58:44+00:00","description":"Seel Dil Peynir 250 Gr ve Bir\u00e7ok \u00c7e\u015fit Peynir \u00dcr\u00fcnleri i\u00e7in t\u0131klay\u0131n\u0131z.","breadcrumb":{"@id":"https:\/\/seel.com.tr\/en\/urun\/seel-dil-peyniri-250-gr\/#breadcrumb"},"inLanguage":"en-US","potentialAction":[{"@type":"ReadAction","target":["https:\/\/seel.com.tr\/en\/urun\/seel-dil-peyniri-250-gr\/"]}]},{"@type":"BreadcrumbList","@id":"https:\/\/seel.com.tr\/en\/urun\/seel-dil-peyniri-250-gr\/#breadcrumb","itemListElement":[{"@type":"ListItem","position":1,"name":"Anasayfa","item":"https:\/\/seel.com.tr\/en\/"},{"@type":"ListItem","position":2,"name":"Shop","item":"https:\/\/seel.com.tr\/magaza\/"},{"@type":"ListItem","position":3,"name":"Seel String Cheese 250 Gr"}]},{"@type":"WebSite","@id":"https:\/\/seel.com.tr\/en\/#website","url":"https:\/\/seel.com.tr\/en\/","name":"Seel Food","description":"","potentialAction":[{"@type":"SearchAction","target":{"@type":"EntryPoint","urlTemplate":"https:\/\/seel.com.tr\/en\/?s={search_term_string}"},"query-input":"required name=search_term_string"}],"inLanguage":"en-US"}]}},"_links":{"self":[{"href":"https:\/\/seel.com.tr\/en\/wp-json\/wp\/v2\/product\/7940","targetHints":{"allow":["GET"]}}],"collection":[{"href":"https:\/\/seel.com.tr\/en\/wp-json\/wp\/v2\/product"}],"about":[{"href":"https:\/\/seel.com.tr\/en\/wp-json\/wp\/v2\/types\/product"}],"replies":[{"embeddable":true,"href":"https:\/\/seel.com.tr\/en\/wp-json\/wp\/v2\/comments?post=7940"}],"wp:featuredmedia":[{"embeddable":true,"href":"https:\/\/seel.com.tr\/en\/wp-json\/wp\/v2\/media\/7863"}],"wp:attachment":[{"href":"https:\/\/seel.com.tr\/en\/wp-json\/wp\/v2\/media?parent=7940"}],"wp:term":[{"taxonomy":"product_cat","embeddable":true,"href":"https:\/\/seel.com.tr\/en\/wp-json\/wp\/v2\/product_cat?post=7940"},{"taxonomy":"product_tag","embeddable":true,"href":"https:\/\/seel.com.tr\/en\/wp-json\/wp\/v2\/product_tag?post=7940"}],"curies":[{"name":"wp","href":"https:\/\/api.w.org\/{rel}","templated":true}]}}