{"id":7944,"date":"2023-08-23T11:34:32","date_gmt":"2023-08-23T08:34:32","guid":{"rendered":"https:\/\/seel.com.tr\/urun\/seel-erzincan-munzur-tulum-peyniri-bidon-500-gr\/"},"modified":"2023-08-24T15:02:24","modified_gmt":"2023-08-24T12:02:24","slug":"seel-erzincan-munzur-tulum-peyniri-bidon-500-gr","status":"publish","type":"product","link":"https:\/\/seel.com.tr\/en\/urun\/seel-erzincan-munzur-tulum-peyniri-bidon-500-gr\/","title":{"rendered":"Seel Erzincan Munzur Tulum Cheese  500 Gr"},"content":{"rendered":"<p>It is a cheese made from sheep and goat milk, pressed on goat or sheep overalls, kept in caves for two or three months, and then matured. Currently, this method has been partly abandoned with the advancement of technology and started to mature by keeping it in cold storage. Erzincan Tulum Cheese produced from raw milk should be matured for at least 120 days.<\/p>\n<p>Seel Food Company produces Erzincan Tulum Cheese from mostly sheep and less goat milk obtained from the Munzur plateau, rich in endemic species. It is offered for sale under the brand of &#8220;Seel Munzur Plateau Erzincan Tulum Cheese&#8221; with the name of the region where it is produced.<\/p>\n<p>Erzincan Tulum Cheese is widely used in cooking. It adds flavor to meals, salads, and appetizers with its oily consistency.<\/p>\n","protected":false},"excerpt":{"rendered":"<p>Seel Erzincan Munzur Tulum Cheese 500 Gr<\/p>\n","protected":false},"featured_media":7857,"comment_status":"open","ping_status":"closed","template":"","meta":{"inline_featured_image":false},"product_cat":[261],"product_tag":[316,317,296],"class_list":["post-7944","product","type-product","status-publish","has-post-thumbnail","hentry","product_cat-cheese","product_tag-erzincan-tulum-cheese-en","product_tag-munzur-tulum-cheese-en","product_tag-tulum-cheese-en"],"yoast_head":"<!-- This site is optimized with the Yoast SEO plugin v20.13 - https:\/\/yoast.com\/wordpress\/plugins\/seo\/ -->\n<title>Seel Erzincan Munzur Tulum Cheese 500 Gr - Seel Food<\/title>\n<meta name=\"description\" content=\"Seel Erzincan Munzur Tulum Peyniri 500 Gr Bidon ve Bir\u00e7ok \u00c7e\u015fit Peynir \u00dcr\u00fcnleri i\u00e7in t\u0131klay\u0131n\u0131z.\" \/>\n<meta name=\"robots\" content=\"index, follow, max-snippet:-1, max-image-preview:large, max-video-preview:-1\" \/>\n<link rel=\"canonical\" href=\"https:\/\/seel.com.tr\/en\/urun\/seel-erzincan-munzur-tulum-peyniri-bidon-500-gr\/\" \/>\n<meta property=\"og:locale\" content=\"en_US\" \/>\n<meta property=\"og:type\" content=\"article\" \/>\n<meta property=\"og:title\" content=\"Seel Erzincan Munzur Tulum Cheese 500 Gr - Seel Food\" \/>\n<meta property=\"og:description\" content=\"Seel Erzincan Munzur Tulum Peyniri 500 Gr Bidon ve Bir\u00e7ok \u00c7e\u015fit Peynir \u00dcr\u00fcnleri i\u00e7in t\u0131klay\u0131n\u0131z.\" \/>\n<meta property=\"og:url\" content=\"https:\/\/seel.com.tr\/en\/urun\/seel-erzincan-munzur-tulum-peyniri-bidon-500-gr\/\" \/>\n<meta property=\"og:site_name\" content=\"Seel Food\" \/>\n<meta property=\"article:modified_time\" content=\"2023-08-24T12:02:24+00:00\" \/>\n<meta property=\"og:image\" content=\"https:\/\/seel.com.tr\/wp-content\/uploads\/2023\/08\/munzur-yaylasi-tulum-peyniri-500g-bidon-1.png\" \/>\n\t<meta property=\"og:image:width\" content=\"2000\" \/>\n\t<meta property=\"og:image:height\" content=\"2000\" \/>\n\t<meta property=\"og:image:type\" content=\"image\/png\" \/>\n<meta name=\"twitter:card\" content=\"summary_large_image\" \/>\n<meta name=\"twitter:label1\" content=\"Est. reading time\" \/>\n\t<meta name=\"twitter:data1\" content=\"1 minute\" \/>\n<script type=\"application\/ld+json\" class=\"yoast-schema-graph\">{\"@context\":\"https:\/\/schema.org\",\"@graph\":[{\"@type\":\"WebPage\",\"@id\":\"https:\/\/seel.com.tr\/en\/urun\/seel-erzincan-munzur-tulum-peyniri-bidon-500-gr\/\",\"url\":\"https:\/\/seel.com.tr\/en\/urun\/seel-erzincan-munzur-tulum-peyniri-bidon-500-gr\/\",\"name\":\"Seel Erzincan Munzur Tulum Cheese 500 Gr - Seel Food\",\"isPartOf\":{\"@id\":\"https:\/\/seel.com.tr\/en\/#website\"},\"datePublished\":\"2023-08-23T08:34:32+00:00\",\"dateModified\":\"2023-08-24T12:02:24+00:00\",\"description\":\"Seel Erzincan Munzur Tulum Peyniri 500 Gr Bidon ve Bir\u00e7ok \u00c7e\u015fit Peynir \u00dcr\u00fcnleri i\u00e7in t\u0131klay\u0131n\u0131z.\",\"breadcrumb\":{\"@id\":\"https:\/\/seel.com.tr\/en\/urun\/seel-erzincan-munzur-tulum-peyniri-bidon-500-gr\/#breadcrumb\"},\"inLanguage\":\"en-US\",\"potentialAction\":[{\"@type\":\"ReadAction\",\"target\":[\"https:\/\/seel.com.tr\/en\/urun\/seel-erzincan-munzur-tulum-peyniri-bidon-500-gr\/\"]}]},{\"@type\":\"BreadcrumbList\",\"@id\":\"https:\/\/seel.com.tr\/en\/urun\/seel-erzincan-munzur-tulum-peyniri-bidon-500-gr\/#breadcrumb\",\"itemListElement\":[{\"@type\":\"ListItem\",\"position\":1,\"name\":\"Anasayfa\",\"item\":\"https:\/\/seel.com.tr\/en\/\"},{\"@type\":\"ListItem\",\"position\":2,\"name\":\"Shop\",\"item\":\"https:\/\/seel.com.tr\/magaza\/\"},{\"@type\":\"ListItem\",\"position\":3,\"name\":\"Seel Erzincan Munzur Tulum Cheese 500 Gr\"}]},{\"@type\":\"WebSite\",\"@id\":\"https:\/\/seel.com.tr\/en\/#website\",\"url\":\"https:\/\/seel.com.tr\/en\/\",\"name\":\"Seel Food\",\"description\":\"\",\"potentialAction\":[{\"@type\":\"SearchAction\",\"target\":{\"@type\":\"EntryPoint\",\"urlTemplate\":\"https:\/\/seel.com.tr\/en\/?s={search_term_string}\"},\"query-input\":\"required name=search_term_string\"}],\"inLanguage\":\"en-US\"}]}<\/script>\n<!-- \/ Yoast SEO plugin. -->","yoast_head_json":{"title":"Seel Erzincan Munzur Tulum Cheese 500 Gr - Seel Food","description":"Seel Erzincan Munzur Tulum Peyniri 500 Gr Bidon ve Bir\u00e7ok \u00c7e\u015fit Peynir \u00dcr\u00fcnleri i\u00e7in t\u0131klay\u0131n\u0131z.","robots":{"index":"index","follow":"follow","max-snippet":"max-snippet:-1","max-image-preview":"max-image-preview:large","max-video-preview":"max-video-preview:-1"},"canonical":"https:\/\/seel.com.tr\/en\/urun\/seel-erzincan-munzur-tulum-peyniri-bidon-500-gr\/","og_locale":"en_US","og_type":"article","og_title":"Seel Erzincan Munzur Tulum Cheese 500 Gr - Seel Food","og_description":"Seel Erzincan Munzur Tulum Peyniri 500 Gr Bidon ve Bir\u00e7ok \u00c7e\u015fit Peynir \u00dcr\u00fcnleri i\u00e7in t\u0131klay\u0131n\u0131z.","og_url":"https:\/\/seel.com.tr\/en\/urun\/seel-erzincan-munzur-tulum-peyniri-bidon-500-gr\/","og_site_name":"Seel Food","article_modified_time":"2023-08-24T12:02:24+00:00","og_image":[{"width":2000,"height":2000,"url":"https:\/\/seel.com.tr\/wp-content\/uploads\/2023\/08\/munzur-yaylasi-tulum-peyniri-500g-bidon-1.png","type":"image\/png"}],"twitter_card":"summary_large_image","twitter_misc":{"Est. reading time":"1 minute"},"schema":{"@context":"https:\/\/schema.org","@graph":[{"@type":"WebPage","@id":"https:\/\/seel.com.tr\/en\/urun\/seel-erzincan-munzur-tulum-peyniri-bidon-500-gr\/","url":"https:\/\/seel.com.tr\/en\/urun\/seel-erzincan-munzur-tulum-peyniri-bidon-500-gr\/","name":"Seel Erzincan Munzur Tulum Cheese 500 Gr - Seel Food","isPartOf":{"@id":"https:\/\/seel.com.tr\/en\/#website"},"datePublished":"2023-08-23T08:34:32+00:00","dateModified":"2023-08-24T12:02:24+00:00","description":"Seel Erzincan Munzur Tulum Peyniri 500 Gr Bidon ve Bir\u00e7ok \u00c7e\u015fit Peynir \u00dcr\u00fcnleri i\u00e7in t\u0131klay\u0131n\u0131z.","breadcrumb":{"@id":"https:\/\/seel.com.tr\/en\/urun\/seel-erzincan-munzur-tulum-peyniri-bidon-500-gr\/#breadcrumb"},"inLanguage":"en-US","potentialAction":[{"@type":"ReadAction","target":["https:\/\/seel.com.tr\/en\/urun\/seel-erzincan-munzur-tulum-peyniri-bidon-500-gr\/"]}]},{"@type":"BreadcrumbList","@id":"https:\/\/seel.com.tr\/en\/urun\/seel-erzincan-munzur-tulum-peyniri-bidon-500-gr\/#breadcrumb","itemListElement":[{"@type":"ListItem","position":1,"name":"Anasayfa","item":"https:\/\/seel.com.tr\/en\/"},{"@type":"ListItem","position":2,"name":"Shop","item":"https:\/\/seel.com.tr\/magaza\/"},{"@type":"ListItem","position":3,"name":"Seel Erzincan Munzur Tulum Cheese 500 Gr"}]},{"@type":"WebSite","@id":"https:\/\/seel.com.tr\/en\/#website","url":"https:\/\/seel.com.tr\/en\/","name":"Seel Food","description":"","potentialAction":[{"@type":"SearchAction","target":{"@type":"EntryPoint","urlTemplate":"https:\/\/seel.com.tr\/en\/?s={search_term_string}"},"query-input":"required name=search_term_string"}],"inLanguage":"en-US"}]}},"_links":{"self":[{"href":"https:\/\/seel.com.tr\/en\/wp-json\/wp\/v2\/product\/7944","targetHints":{"allow":["GET"]}}],"collection":[{"href":"https:\/\/seel.com.tr\/en\/wp-json\/wp\/v2\/product"}],"about":[{"href":"https:\/\/seel.com.tr\/en\/wp-json\/wp\/v2\/types\/product"}],"replies":[{"embeddable":true,"href":"https:\/\/seel.com.tr\/en\/wp-json\/wp\/v2\/comments?post=7944"}],"wp:featuredmedia":[{"embeddable":true,"href":"https:\/\/seel.com.tr\/en\/wp-json\/wp\/v2\/media\/7857"}],"wp:attachment":[{"href":"https:\/\/seel.com.tr\/en\/wp-json\/wp\/v2\/media?parent=7944"}],"wp:term":[{"taxonomy":"product_cat","embeddable":true,"href":"https:\/\/seel.com.tr\/en\/wp-json\/wp\/v2\/product_cat?post=7944"},{"taxonomy":"product_tag","embeddable":true,"href":"https:\/\/seel.com.tr\/en\/wp-json\/wp\/v2\/product_tag?post=7944"}],"curies":[{"name":"wp","href":"https:\/\/api.w.org\/{rel}","templated":true}]}}