{"id":7961,"date":"2023-08-23T11:34:30","date_gmt":"2023-08-23T08:34:30","guid":{"rendered":"https:\/\/seel.com.tr\/urun\/soguk-sikim-natural-birinci-sizma-zeytinyagi-1l\/"},"modified":"2023-08-24T15:15:52","modified_gmt":"2023-08-24T12:15:52","slug":"soguk-sikim-natural-birinci-sizma-zeytinyagi-1l","status":"publish","type":"product","link":"https:\/\/seel.com.tr\/en\/urun\/soguk-sikim-natural-birinci-sizma-zeytinyagi-1l\/","title":{"rendered":"Cold Pressed Extra Virgin Olive Oil 1L"},"content":{"rendered":"<p>Olive oil is the one of the wonderful fruit in the world. It is called as &#8220;liquid gold&#8221;, &#8220;vegetable oil queen&#8221;, &#8220;Mediterranean nectar&#8221;.<br \/>\nOlive Oil is the only cooking oil that is made without the use of chemicals and industrial refining. It is a kind of fruit juice means olive-juice.<\/p>\n<p>Produced from harvested green olives from ancient groves of Aegean. It is a cold pressed high-quality gourmet product with a strong green fruity taste and bitterness due to the phenolic ingredients. It is recommended for salad dressing and meal.<br \/>\nPacked in extra virgin olive oil in 250 ml, 500ml, 1L, and 3L glass bottles; 500 ml and 1 L plastic bottles; 5L and 18L metal packages. It is offered for sale under the brand Seel From Anatolia.<br \/>\nIt is in its natural state, with its distinctive taste and flavor, with its color changing from clear, green to yellow.<\/p>\n","protected":false},"excerpt":{"rendered":"<p>Cold Pressed Extra Virgin Olive Oil 1L<\/p>\n","protected":false},"featured_media":0,"comment_status":"open","ping_status":"closed","template":"","meta":{"inline_featured_image":false},"product_cat":[288],"product_tag":[326,324,325,327],"class_list":["post-7961","product","type-product","status-publish","hentry","product_cat-olive-oil","product_tag-cold-pressed-olive-oil-en","product_tag-from-anatolia-olive-oil-en","product_tag-natural-premium-olive-oil","product_tag-olive-oil-en"],"yoast_head":"<!-- This site is optimized with the Yoast SEO plugin v20.13 - https:\/\/yoast.com\/wordpress\/plugins\/seo\/ -->\n<title>Cold Pressed Extra Virgin Olive Oil 1L - Seel Food<\/title>\n<meta name=\"description\" content=\"So\u011fuk S\u0131k\u0131m Natural Birinci S\u0131zma Zeytinya\u011f 1000 ml .Zeytinya\u011f\u0131 ve di\u011fer \u00fcr\u00fcn \u00e7e\u015fitlerimiz i\u00e7in t\u0131klay\u0131n\u0131z.\" \/>\n<meta name=\"robots\" content=\"index, follow, max-snippet:-1, max-image-preview:large, max-video-preview:-1\" \/>\n<link rel=\"canonical\" href=\"https:\/\/seel.com.tr\/en\/urun\/soguk-sikim-natural-birinci-sizma-zeytinyagi-1l\/\" \/>\n<meta property=\"og:locale\" content=\"en_US\" \/>\n<meta property=\"og:type\" content=\"article\" \/>\n<meta property=\"og:title\" content=\"Cold Pressed Extra Virgin Olive Oil 1L - Seel Food\" \/>\n<meta property=\"og:description\" content=\"So\u011fuk S\u0131k\u0131m Natural Birinci S\u0131zma Zeytinya\u011f 1000 ml .Zeytinya\u011f\u0131 ve di\u011fer \u00fcr\u00fcn \u00e7e\u015fitlerimiz i\u00e7in t\u0131klay\u0131n\u0131z.\" \/>\n<meta property=\"og:url\" content=\"https:\/\/seel.com.tr\/en\/urun\/soguk-sikim-natural-birinci-sizma-zeytinyagi-1l\/\" \/>\n<meta property=\"og:site_name\" content=\"Seel Food\" \/>\n<meta property=\"article:modified_time\" content=\"2023-08-24T12:15:52+00:00\" \/>\n<meta name=\"twitter:card\" content=\"summary_large_image\" \/>\n<meta name=\"twitter:label1\" content=\"Est. reading time\" \/>\n\t<meta name=\"twitter:data1\" content=\"1 minute\" \/>\n<script type=\"application\/ld+json\" class=\"yoast-schema-graph\">{\"@context\":\"https:\/\/schema.org\",\"@graph\":[{\"@type\":\"WebPage\",\"@id\":\"https:\/\/seel.com.tr\/en\/urun\/soguk-sikim-natural-birinci-sizma-zeytinyagi-1l\/\",\"url\":\"https:\/\/seel.com.tr\/en\/urun\/soguk-sikim-natural-birinci-sizma-zeytinyagi-1l\/\",\"name\":\"Cold Pressed Extra Virgin Olive Oil 1L - Seel Food\",\"isPartOf\":{\"@id\":\"https:\/\/seel.com.tr\/en\/#website\"},\"datePublished\":\"2023-08-23T08:34:30+00:00\",\"dateModified\":\"2023-08-24T12:15:52+00:00\",\"description\":\"So\u011fuk S\u0131k\u0131m Natural Birinci S\u0131zma Zeytinya\u011f 1000 ml .Zeytinya\u011f\u0131 ve di\u011fer \u00fcr\u00fcn \u00e7e\u015fitlerimiz i\u00e7in t\u0131klay\u0131n\u0131z.\",\"breadcrumb\":{\"@id\":\"https:\/\/seel.com.tr\/en\/urun\/soguk-sikim-natural-birinci-sizma-zeytinyagi-1l\/#breadcrumb\"},\"inLanguage\":\"en-US\",\"potentialAction\":[{\"@type\":\"ReadAction\",\"target\":[\"https:\/\/seel.com.tr\/en\/urun\/soguk-sikim-natural-birinci-sizma-zeytinyagi-1l\/\"]}]},{\"@type\":\"BreadcrumbList\",\"@id\":\"https:\/\/seel.com.tr\/en\/urun\/soguk-sikim-natural-birinci-sizma-zeytinyagi-1l\/#breadcrumb\",\"itemListElement\":[{\"@type\":\"ListItem\",\"position\":1,\"name\":\"Anasayfa\",\"item\":\"https:\/\/seel.com.tr\/en\/\"},{\"@type\":\"ListItem\",\"position\":2,\"name\":\"Shop\",\"item\":\"https:\/\/seel.com.tr\/magaza\/\"},{\"@type\":\"ListItem\",\"position\":3,\"name\":\"Cold Pressed Extra Virgin Olive Oil 1L\"}]},{\"@type\":\"WebSite\",\"@id\":\"https:\/\/seel.com.tr\/en\/#website\",\"url\":\"https:\/\/seel.com.tr\/en\/\",\"name\":\"Seel Food\",\"description\":\"\",\"potentialAction\":[{\"@type\":\"SearchAction\",\"target\":{\"@type\":\"EntryPoint\",\"urlTemplate\":\"https:\/\/seel.com.tr\/en\/?s={search_term_string}\"},\"query-input\":\"required name=search_term_string\"}],\"inLanguage\":\"en-US\"}]}<\/script>\n<!-- \/ Yoast SEO plugin. -->","yoast_head_json":{"title":"Cold Pressed Extra Virgin Olive Oil 1L - Seel Food","description":"So\u011fuk S\u0131k\u0131m Natural Birinci S\u0131zma Zeytinya\u011f 1000 ml .Zeytinya\u011f\u0131 ve di\u011fer \u00fcr\u00fcn \u00e7e\u015fitlerimiz i\u00e7in t\u0131klay\u0131n\u0131z.","robots":{"index":"index","follow":"follow","max-snippet":"max-snippet:-1","max-image-preview":"max-image-preview:large","max-video-preview":"max-video-preview:-1"},"canonical":"https:\/\/seel.com.tr\/en\/urun\/soguk-sikim-natural-birinci-sizma-zeytinyagi-1l\/","og_locale":"en_US","og_type":"article","og_title":"Cold Pressed Extra Virgin Olive Oil 1L - Seel Food","og_description":"So\u011fuk S\u0131k\u0131m Natural Birinci S\u0131zma Zeytinya\u011f 1000 ml .Zeytinya\u011f\u0131 ve di\u011fer \u00fcr\u00fcn \u00e7e\u015fitlerimiz i\u00e7in t\u0131klay\u0131n\u0131z.","og_url":"https:\/\/seel.com.tr\/en\/urun\/soguk-sikim-natural-birinci-sizma-zeytinyagi-1l\/","og_site_name":"Seel Food","article_modified_time":"2023-08-24T12:15:52+00:00","twitter_card":"summary_large_image","twitter_misc":{"Est. reading time":"1 minute"},"schema":{"@context":"https:\/\/schema.org","@graph":[{"@type":"WebPage","@id":"https:\/\/seel.com.tr\/en\/urun\/soguk-sikim-natural-birinci-sizma-zeytinyagi-1l\/","url":"https:\/\/seel.com.tr\/en\/urun\/soguk-sikim-natural-birinci-sizma-zeytinyagi-1l\/","name":"Cold Pressed Extra Virgin Olive Oil 1L - Seel Food","isPartOf":{"@id":"https:\/\/seel.com.tr\/en\/#website"},"datePublished":"2023-08-23T08:34:30+00:00","dateModified":"2023-08-24T12:15:52+00:00","description":"So\u011fuk S\u0131k\u0131m Natural Birinci S\u0131zma Zeytinya\u011f 1000 ml .Zeytinya\u011f\u0131 ve di\u011fer \u00fcr\u00fcn \u00e7e\u015fitlerimiz i\u00e7in t\u0131klay\u0131n\u0131z.","breadcrumb":{"@id":"https:\/\/seel.com.tr\/en\/urun\/soguk-sikim-natural-birinci-sizma-zeytinyagi-1l\/#breadcrumb"},"inLanguage":"en-US","potentialAction":[{"@type":"ReadAction","target":["https:\/\/seel.com.tr\/en\/urun\/soguk-sikim-natural-birinci-sizma-zeytinyagi-1l\/"]}]},{"@type":"BreadcrumbList","@id":"https:\/\/seel.com.tr\/en\/urun\/soguk-sikim-natural-birinci-sizma-zeytinyagi-1l\/#breadcrumb","itemListElement":[{"@type":"ListItem","position":1,"name":"Anasayfa","item":"https:\/\/seel.com.tr\/en\/"},{"@type":"ListItem","position":2,"name":"Shop","item":"https:\/\/seel.com.tr\/magaza\/"},{"@type":"ListItem","position":3,"name":"Cold Pressed Extra Virgin Olive Oil 1L"}]},{"@type":"WebSite","@id":"https:\/\/seel.com.tr\/en\/#website","url":"https:\/\/seel.com.tr\/en\/","name":"Seel Food","description":"","potentialAction":[{"@type":"SearchAction","target":{"@type":"EntryPoint","urlTemplate":"https:\/\/seel.com.tr\/en\/?s={search_term_string}"},"query-input":"required name=search_term_string"}],"inLanguage":"en-US"}]}},"_links":{"self":[{"href":"https:\/\/seel.com.tr\/en\/wp-json\/wp\/v2\/product\/7961","targetHints":{"allow":["GET"]}}],"collection":[{"href":"https:\/\/seel.com.tr\/en\/wp-json\/wp\/v2\/product"}],"about":[{"href":"https:\/\/seel.com.tr\/en\/wp-json\/wp\/v2\/types\/product"}],"replies":[{"embeddable":true,"href":"https:\/\/seel.com.tr\/en\/wp-json\/wp\/v2\/comments?post=7961"}],"wp:attachment":[{"href":"https:\/\/seel.com.tr\/en\/wp-json\/wp\/v2\/media?parent=7961"}],"wp:term":[{"taxonomy":"product_cat","embeddable":true,"href":"https:\/\/seel.com.tr\/en\/wp-json\/wp\/v2\/product_cat?post=7961"},{"taxonomy":"product_tag","embeddable":true,"href":"https:\/\/seel.com.tr\/en\/wp-json\/wp\/v2\/product_tag?post=7961"}],"curies":[{"name":"wp","href":"https:\/\/api.w.org\/{rel}","templated":true}]}}