{"id":7967,"date":"2023-08-23T11:34:29","date_gmt":"2023-08-23T08:34:29","guid":{"rendered":"https:\/\/seel.com.tr\/urun\/from-anatolia-ham-bal-karisimi-480-gram\/"},"modified":"2023-08-24T15:28:59","modified_gmt":"2023-08-24T12:28:59","slug":"from-anatolia-ham-bal-karisimi-480-gram","status":"publish","type":"product","link":"https:\/\/seel.com.tr\/en\/urun\/from-anatolia-ham-bal-karisimi-480-gram\/","title":{"rendered":"From Anatolia Honey Mix 480 gram"},"content":{"rendered":"<p>From Anatolia honey pollen propolis mixture, which contains various bee and honey products, is very rich in content, as the name suggests. The products included without heat treatment were obtained by filling the mixture obtained by mixing them into jars. It contains 85% honey, 10% pollen and 5% propolis.<\/p>\n<p>The raw honey mixture, which has not been subjected to any heat treatment, gains a heterogeneous appearance over time. It is quite natural and it is recommended to mix before consumption.<\/p>\n<p>It is packaged in 240-gram, 480-gram glass jars. It is offered for sale under the brand Seel From Anatolia.<\/p>\n<p>It has a slightly bitter taste due to the pollen and propolis it contains. The presentation of products that strengthen the immune system as a mixture has made it easier to use. It is recommended to be consumed regularly.<\/p>\n","protected":false},"excerpt":{"rendered":"<p>From Anatolia Honey Mix 480 gram<\/p>\n","protected":false},"featured_media":7842,"comment_status":"open","ping_status":"closed","template":"","meta":{"inline_featured_image":false},"product_cat":[260],"product_tag":[326,324,325,327],"class_list":["post-7967","product","type-product","status-publish","has-post-thumbnail","hentry","product_cat-honeys","product_tag-cold-pressed-olive-oil-en","product_tag-from-anatolia-olive-oil-en","product_tag-natural-premium-olive-oil","product_tag-olive-oil-en"],"yoast_head":"<!-- This site is optimized with the Yoast SEO plugin v20.13 - https:\/\/yoast.com\/wordpress\/plugins\/seo\/ -->\n<title>From Anatolia Honey Mix 480 gram - Seel Food<\/title>\n<meta name=\"description\" content=\"From Anatolia Ham Bal Kar\u0131\u015f\u0131m\u0131 480 Gr , Seel Hayvanc\u0131l\u0131k Tar\u0131m G\u0131da Anadolunun bir \u00e7ok yerinde bal \u00fcretimi yapmaktad\u0131r. Bal kar\u0131\u015f\u0131mlar\u0131 ve di\u011fer bal \u00e7e\u015fitlerimiz i\u00e7in t\u0131klay\u0131n\u0131z.\" \/>\n<meta name=\"robots\" content=\"index, follow, max-snippet:-1, max-image-preview:large, max-video-preview:-1\" \/>\n<link rel=\"canonical\" href=\"https:\/\/seel.com.tr\/en\/urun\/from-anatolia-ham-bal-karisimi-480-gram\/\" \/>\n<meta property=\"og:locale\" content=\"en_US\" \/>\n<meta property=\"og:type\" content=\"article\" \/>\n<meta property=\"og:title\" content=\"From Anatolia Honey Mix 480 gram - Seel Food\" \/>\n<meta property=\"og:description\" content=\"From Anatolia Ham Bal Kar\u0131\u015f\u0131m\u0131 480 Gr , Seel Hayvanc\u0131l\u0131k Tar\u0131m G\u0131da Anadolunun bir \u00e7ok yerinde bal \u00fcretimi yapmaktad\u0131r. Bal kar\u0131\u015f\u0131mlar\u0131 ve di\u011fer bal \u00e7e\u015fitlerimiz i\u00e7in t\u0131klay\u0131n\u0131z.\" \/>\n<meta property=\"og:url\" content=\"https:\/\/seel.com.tr\/en\/urun\/from-anatolia-ham-bal-karisimi-480-gram\/\" \/>\n<meta property=\"og:site_name\" content=\"Seel Food\" \/>\n<meta property=\"article:modified_time\" content=\"2023-08-24T12:28:59+00:00\" \/>\n<meta property=\"og:image\" content=\"https:\/\/seel.com.tr\/wp-content\/uploads\/2023\/08\/FAOBK480.png\" \/>\n\t<meta property=\"og:image:width\" content=\"600\" \/>\n\t<meta property=\"og:image:height\" content=\"600\" \/>\n\t<meta property=\"og:image:type\" content=\"image\/png\" \/>\n<meta name=\"twitter:card\" content=\"summary_large_image\" \/>\n<meta name=\"twitter:label1\" content=\"Est. reading time\" \/>\n\t<meta name=\"twitter:data1\" content=\"1 minute\" \/>\n<script type=\"application\/ld+json\" class=\"yoast-schema-graph\">{\"@context\":\"https:\/\/schema.org\",\"@graph\":[{\"@type\":\"WebPage\",\"@id\":\"https:\/\/seel.com.tr\/en\/urun\/from-anatolia-ham-bal-karisimi-480-gram\/\",\"url\":\"https:\/\/seel.com.tr\/en\/urun\/from-anatolia-ham-bal-karisimi-480-gram\/\",\"name\":\"From Anatolia Honey Mix 480 gram - Seel Food\",\"isPartOf\":{\"@id\":\"https:\/\/seel.com.tr\/en\/#website\"},\"datePublished\":\"2023-08-23T08:34:29+00:00\",\"dateModified\":\"2023-08-24T12:28:59+00:00\",\"description\":\"From Anatolia Ham Bal Kar\u0131\u015f\u0131m\u0131 480 Gr , Seel Hayvanc\u0131l\u0131k Tar\u0131m G\u0131da Anadolunun bir \u00e7ok yerinde bal \u00fcretimi yapmaktad\u0131r. Bal kar\u0131\u015f\u0131mlar\u0131 ve di\u011fer bal \u00e7e\u015fitlerimiz i\u00e7in t\u0131klay\u0131n\u0131z.\",\"breadcrumb\":{\"@id\":\"https:\/\/seel.com.tr\/en\/urun\/from-anatolia-ham-bal-karisimi-480-gram\/#breadcrumb\"},\"inLanguage\":\"en-US\",\"potentialAction\":[{\"@type\":\"ReadAction\",\"target\":[\"https:\/\/seel.com.tr\/en\/urun\/from-anatolia-ham-bal-karisimi-480-gram\/\"]}]},{\"@type\":\"BreadcrumbList\",\"@id\":\"https:\/\/seel.com.tr\/en\/urun\/from-anatolia-ham-bal-karisimi-480-gram\/#breadcrumb\",\"itemListElement\":[{\"@type\":\"ListItem\",\"position\":1,\"name\":\"Anasayfa\",\"item\":\"https:\/\/seel.com.tr\/en\/\"},{\"@type\":\"ListItem\",\"position\":2,\"name\":\"Shop\",\"item\":\"https:\/\/seel.com.tr\/magaza\/\"},{\"@type\":\"ListItem\",\"position\":3,\"name\":\"From Anatolia Honey Mix 480 gram\"}]},{\"@type\":\"WebSite\",\"@id\":\"https:\/\/seel.com.tr\/en\/#website\",\"url\":\"https:\/\/seel.com.tr\/en\/\",\"name\":\"Seel Food\",\"description\":\"\",\"potentialAction\":[{\"@type\":\"SearchAction\",\"target\":{\"@type\":\"EntryPoint\",\"urlTemplate\":\"https:\/\/seel.com.tr\/en\/?s={search_term_string}\"},\"query-input\":\"required name=search_term_string\"}],\"inLanguage\":\"en-US\"}]}<\/script>\n<!-- \/ Yoast SEO plugin. -->","yoast_head_json":{"title":"From Anatolia Honey Mix 480 gram - Seel Food","description":"From Anatolia Ham Bal Kar\u0131\u015f\u0131m\u0131 480 Gr , Seel Hayvanc\u0131l\u0131k Tar\u0131m G\u0131da Anadolunun bir \u00e7ok yerinde bal \u00fcretimi yapmaktad\u0131r. Bal kar\u0131\u015f\u0131mlar\u0131 ve di\u011fer bal \u00e7e\u015fitlerimiz i\u00e7in t\u0131klay\u0131n\u0131z.","robots":{"index":"index","follow":"follow","max-snippet":"max-snippet:-1","max-image-preview":"max-image-preview:large","max-video-preview":"max-video-preview:-1"},"canonical":"https:\/\/seel.com.tr\/en\/urun\/from-anatolia-ham-bal-karisimi-480-gram\/","og_locale":"en_US","og_type":"article","og_title":"From Anatolia Honey Mix 480 gram - Seel Food","og_description":"From Anatolia Ham Bal Kar\u0131\u015f\u0131m\u0131 480 Gr , Seel Hayvanc\u0131l\u0131k Tar\u0131m G\u0131da Anadolunun bir \u00e7ok yerinde bal \u00fcretimi yapmaktad\u0131r. Bal kar\u0131\u015f\u0131mlar\u0131 ve di\u011fer bal \u00e7e\u015fitlerimiz i\u00e7in t\u0131klay\u0131n\u0131z.","og_url":"https:\/\/seel.com.tr\/en\/urun\/from-anatolia-ham-bal-karisimi-480-gram\/","og_site_name":"Seel Food","article_modified_time":"2023-08-24T12:28:59+00:00","og_image":[{"width":600,"height":600,"url":"https:\/\/seel.com.tr\/wp-content\/uploads\/2023\/08\/FAOBK480.png","type":"image\/png"}],"twitter_card":"summary_large_image","twitter_misc":{"Est. reading time":"1 minute"},"schema":{"@context":"https:\/\/schema.org","@graph":[{"@type":"WebPage","@id":"https:\/\/seel.com.tr\/en\/urun\/from-anatolia-ham-bal-karisimi-480-gram\/","url":"https:\/\/seel.com.tr\/en\/urun\/from-anatolia-ham-bal-karisimi-480-gram\/","name":"From Anatolia Honey Mix 480 gram - Seel Food","isPartOf":{"@id":"https:\/\/seel.com.tr\/en\/#website"},"datePublished":"2023-08-23T08:34:29+00:00","dateModified":"2023-08-24T12:28:59+00:00","description":"From Anatolia Ham Bal Kar\u0131\u015f\u0131m\u0131 480 Gr , Seel Hayvanc\u0131l\u0131k Tar\u0131m G\u0131da Anadolunun bir \u00e7ok yerinde bal \u00fcretimi yapmaktad\u0131r. Bal kar\u0131\u015f\u0131mlar\u0131 ve di\u011fer bal \u00e7e\u015fitlerimiz i\u00e7in t\u0131klay\u0131n\u0131z.","breadcrumb":{"@id":"https:\/\/seel.com.tr\/en\/urun\/from-anatolia-ham-bal-karisimi-480-gram\/#breadcrumb"},"inLanguage":"en-US","potentialAction":[{"@type":"ReadAction","target":["https:\/\/seel.com.tr\/en\/urun\/from-anatolia-ham-bal-karisimi-480-gram\/"]}]},{"@type":"BreadcrumbList","@id":"https:\/\/seel.com.tr\/en\/urun\/from-anatolia-ham-bal-karisimi-480-gram\/#breadcrumb","itemListElement":[{"@type":"ListItem","position":1,"name":"Anasayfa","item":"https:\/\/seel.com.tr\/en\/"},{"@type":"ListItem","position":2,"name":"Shop","item":"https:\/\/seel.com.tr\/magaza\/"},{"@type":"ListItem","position":3,"name":"From Anatolia Honey Mix 480 gram"}]},{"@type":"WebSite","@id":"https:\/\/seel.com.tr\/en\/#website","url":"https:\/\/seel.com.tr\/en\/","name":"Seel Food","description":"","potentialAction":[{"@type":"SearchAction","target":{"@type":"EntryPoint","urlTemplate":"https:\/\/seel.com.tr\/en\/?s={search_term_string}"},"query-input":"required name=search_term_string"}],"inLanguage":"en-US"}]}},"_links":{"self":[{"href":"https:\/\/seel.com.tr\/en\/wp-json\/wp\/v2\/product\/7967","targetHints":{"allow":["GET"]}}],"collection":[{"href":"https:\/\/seel.com.tr\/en\/wp-json\/wp\/v2\/product"}],"about":[{"href":"https:\/\/seel.com.tr\/en\/wp-json\/wp\/v2\/types\/product"}],"replies":[{"embeddable":true,"href":"https:\/\/seel.com.tr\/en\/wp-json\/wp\/v2\/comments?post=7967"}],"wp:featuredmedia":[{"embeddable":true,"href":"https:\/\/seel.com.tr\/en\/wp-json\/wp\/v2\/media\/7842"}],"wp:attachment":[{"href":"https:\/\/seel.com.tr\/en\/wp-json\/wp\/v2\/media?parent=7967"}],"wp:term":[{"taxonomy":"product_cat","embeddable":true,"href":"https:\/\/seel.com.tr\/en\/wp-json\/wp\/v2\/product_cat?post=7967"},{"taxonomy":"product_tag","embeddable":true,"href":"https:\/\/seel.com.tr\/en\/wp-json\/wp\/v2\/product_tag?post=7967"}],"curies":[{"name":"wp","href":"https:\/\/api.w.org\/{rel}","templated":true}]}}