{"id":7981,"date":"2023-08-23T11:34:26","date_gmt":"2023-08-23T08:34:26","guid":{"rendered":"https:\/\/seel.com.tr\/urun\/kasik-bal-7-gram-10-ad\/"},"modified":"2023-08-24T15:43:31","modified_gmt":"2023-08-24T12:43:31","slug":"kasik-bal-7-gram-10-ad","status":"publish","type":"product","link":"https:\/\/seel.com.tr\/en\/urun\/kasik-bal-7-gram-10-ad\/","title":{"rendered":"Pure Honey Spoon 7 gram X 10 pcs"},"content":{"rendered":"<p>Honey spoon is an innovative design and smart solution to store, protect, make honey portable and consume honey anywhere anytime. Honey is placed in 7-gram spoon-shaped packages. Thus, sweetening cold and hot drinks becomes both practical and healthy. The demanded honey type is placed in spoons according to the demand providing the minimum order quantity.<\/p>\n<p>It is packed according to ISO9001 and ISO22000 standards, untouched by human hands in hygienic conditions. The raw material of the spoon is L34N-00 Polypropylene Impact Copolymer, which is produced from recycled materials in accordance with food codex.<\/p>\n<p>It is packaged in 100 and 50 square cardboard boxes, 60 and 25 cardboard round boxes, and 10 and 25 round plastic boxes.<\/p>\n<p>It is very easy to use a honey spoon. The honey spoon has an innovative design that allows using honey spoon anywhere anytime.<\/p>\n","protected":false},"excerpt":{"rendered":"<p>Pure Honey Spoon 7 gram X 10 pcs<\/p>\n<p>&nbsp;<\/p>\n","protected":false},"featured_media":7820,"comment_status":"open","ping_status":"closed","template":"","meta":{"inline_featured_image":false},"product_cat":[260],"product_tag":[342,343,344],"class_list":["post-7981","product","type-product","status-publish","has-post-thumbnail","hentry","product_cat-honeys","product_tag-pine-honey-en","product_tag-pine-spoon-honey-en","product_tag-spoon-honey-en"],"yoast_head":"<!-- This site is optimized with the Yoast SEO plugin v20.13 - https:\/\/yoast.com\/wordpress\/plugins\/seo\/ -->\n<title>Pure Honey Spoon 7 gram X 10 pcs - Seel Food<\/title>\n<meta name=\"description\" content=\"Pure Honey Spoon 10 Adet 7 Gram , Seel Hayvanc\u0131l\u0131k Tar\u0131m G\u0131da Anadolunun bir \u00e7ok yerinde bal \u00fcretimi yapmaktad\u0131r. Ka\u015f\u0131k bal\u0131 ve di\u011fer bal \u00e7e\u015fitlerimiz i\u00e7in t\u0131klay\u0131n\u0131z.\" \/>\n<meta name=\"robots\" content=\"index, follow, max-snippet:-1, max-image-preview:large, max-video-preview:-1\" \/>\n<link rel=\"canonical\" href=\"https:\/\/seel.com.tr\/en\/urun\/kasik-bal-7-gram-10-ad\/\" \/>\n<meta property=\"og:locale\" content=\"en_US\" \/>\n<meta property=\"og:type\" content=\"article\" \/>\n<meta property=\"og:title\" content=\"Pure Honey Spoon 7 gram X 10 pcs - Seel Food\" \/>\n<meta property=\"og:description\" content=\"Pure Honey Spoon 10 Adet 7 Gram , Seel Hayvanc\u0131l\u0131k Tar\u0131m G\u0131da Anadolunun bir \u00e7ok yerinde bal \u00fcretimi yapmaktad\u0131r. Ka\u015f\u0131k bal\u0131 ve di\u011fer bal \u00e7e\u015fitlerimiz i\u00e7in t\u0131klay\u0131n\u0131z.\" \/>\n<meta property=\"og:url\" content=\"https:\/\/seel.com.tr\/en\/urun\/kasik-bal-7-gram-10-ad\/\" \/>\n<meta property=\"og:site_name\" content=\"Seel Food\" \/>\n<meta property=\"article:modified_time\" content=\"2023-08-24T12:43:31+00:00\" \/>\n<meta property=\"og:image\" content=\"https:\/\/seel.com.tr\/wp-content\/uploads\/2023\/08\/PHS15-1.jpg\" \/>\n\t<meta property=\"og:image:width\" content=\"1500\" \/>\n\t<meta property=\"og:image:height\" content=\"1500\" \/>\n\t<meta property=\"og:image:type\" content=\"image\/jpeg\" \/>\n<meta name=\"twitter:card\" content=\"summary_large_image\" \/>\n<meta name=\"twitter:label1\" content=\"Est. reading time\" \/>\n\t<meta name=\"twitter:data1\" content=\"1 minute\" \/>\n<script type=\"application\/ld+json\" class=\"yoast-schema-graph\">{\"@context\":\"https:\/\/schema.org\",\"@graph\":[{\"@type\":\"WebPage\",\"@id\":\"https:\/\/seel.com.tr\/en\/urun\/kasik-bal-7-gram-10-ad\/\",\"url\":\"https:\/\/seel.com.tr\/en\/urun\/kasik-bal-7-gram-10-ad\/\",\"name\":\"Pure Honey Spoon 7 gram X 10 pcs - Seel Food\",\"isPartOf\":{\"@id\":\"https:\/\/seel.com.tr\/en\/#website\"},\"datePublished\":\"2023-08-23T08:34:26+00:00\",\"dateModified\":\"2023-08-24T12:43:31+00:00\",\"description\":\"Pure Honey Spoon 10 Adet 7 Gram , Seel Hayvanc\u0131l\u0131k Tar\u0131m G\u0131da Anadolunun bir \u00e7ok yerinde bal \u00fcretimi yapmaktad\u0131r. Ka\u015f\u0131k bal\u0131 ve di\u011fer bal \u00e7e\u015fitlerimiz i\u00e7in t\u0131klay\u0131n\u0131z.\",\"breadcrumb\":{\"@id\":\"https:\/\/seel.com.tr\/en\/urun\/kasik-bal-7-gram-10-ad\/#breadcrumb\"},\"inLanguage\":\"en-US\",\"potentialAction\":[{\"@type\":\"ReadAction\",\"target\":[\"https:\/\/seel.com.tr\/en\/urun\/kasik-bal-7-gram-10-ad\/\"]}]},{\"@type\":\"BreadcrumbList\",\"@id\":\"https:\/\/seel.com.tr\/en\/urun\/kasik-bal-7-gram-10-ad\/#breadcrumb\",\"itemListElement\":[{\"@type\":\"ListItem\",\"position\":1,\"name\":\"Anasayfa\",\"item\":\"https:\/\/seel.com.tr\/en\/\"},{\"@type\":\"ListItem\",\"position\":2,\"name\":\"Shop\",\"item\":\"https:\/\/seel.com.tr\/magaza\/\"},{\"@type\":\"ListItem\",\"position\":3,\"name\":\"Pure Honey Spoon 7 gram X 10 pcs\"}]},{\"@type\":\"WebSite\",\"@id\":\"https:\/\/seel.com.tr\/en\/#website\",\"url\":\"https:\/\/seel.com.tr\/en\/\",\"name\":\"Seel Food\",\"description\":\"\",\"potentialAction\":[{\"@type\":\"SearchAction\",\"target\":{\"@type\":\"EntryPoint\",\"urlTemplate\":\"https:\/\/seel.com.tr\/en\/?s={search_term_string}\"},\"query-input\":\"required name=search_term_string\"}],\"inLanguage\":\"en-US\"}]}<\/script>\n<!-- \/ Yoast SEO plugin. -->","yoast_head_json":{"title":"Pure Honey Spoon 7 gram X 10 pcs - Seel Food","description":"Pure Honey Spoon 10 Adet 7 Gram , Seel Hayvanc\u0131l\u0131k Tar\u0131m G\u0131da Anadolunun bir \u00e7ok yerinde bal \u00fcretimi yapmaktad\u0131r. Ka\u015f\u0131k bal\u0131 ve di\u011fer bal \u00e7e\u015fitlerimiz i\u00e7in t\u0131klay\u0131n\u0131z.","robots":{"index":"index","follow":"follow","max-snippet":"max-snippet:-1","max-image-preview":"max-image-preview:large","max-video-preview":"max-video-preview:-1"},"canonical":"https:\/\/seel.com.tr\/en\/urun\/kasik-bal-7-gram-10-ad\/","og_locale":"en_US","og_type":"article","og_title":"Pure Honey Spoon 7 gram X 10 pcs - Seel Food","og_description":"Pure Honey Spoon 10 Adet 7 Gram , Seel Hayvanc\u0131l\u0131k Tar\u0131m G\u0131da Anadolunun bir \u00e7ok yerinde bal \u00fcretimi yapmaktad\u0131r. Ka\u015f\u0131k bal\u0131 ve di\u011fer bal \u00e7e\u015fitlerimiz i\u00e7in t\u0131klay\u0131n\u0131z.","og_url":"https:\/\/seel.com.tr\/en\/urun\/kasik-bal-7-gram-10-ad\/","og_site_name":"Seel Food","article_modified_time":"2023-08-24T12:43:31+00:00","og_image":[{"width":1500,"height":1500,"url":"https:\/\/seel.com.tr\/wp-content\/uploads\/2023\/08\/PHS15-1.jpg","type":"image\/jpeg"}],"twitter_card":"summary_large_image","twitter_misc":{"Est. reading time":"1 minute"},"schema":{"@context":"https:\/\/schema.org","@graph":[{"@type":"WebPage","@id":"https:\/\/seel.com.tr\/en\/urun\/kasik-bal-7-gram-10-ad\/","url":"https:\/\/seel.com.tr\/en\/urun\/kasik-bal-7-gram-10-ad\/","name":"Pure Honey Spoon 7 gram X 10 pcs - Seel Food","isPartOf":{"@id":"https:\/\/seel.com.tr\/en\/#website"},"datePublished":"2023-08-23T08:34:26+00:00","dateModified":"2023-08-24T12:43:31+00:00","description":"Pure Honey Spoon 10 Adet 7 Gram , Seel Hayvanc\u0131l\u0131k Tar\u0131m G\u0131da Anadolunun bir \u00e7ok yerinde bal \u00fcretimi yapmaktad\u0131r. Ka\u015f\u0131k bal\u0131 ve di\u011fer bal \u00e7e\u015fitlerimiz i\u00e7in t\u0131klay\u0131n\u0131z.","breadcrumb":{"@id":"https:\/\/seel.com.tr\/en\/urun\/kasik-bal-7-gram-10-ad\/#breadcrumb"},"inLanguage":"en-US","potentialAction":[{"@type":"ReadAction","target":["https:\/\/seel.com.tr\/en\/urun\/kasik-bal-7-gram-10-ad\/"]}]},{"@type":"BreadcrumbList","@id":"https:\/\/seel.com.tr\/en\/urun\/kasik-bal-7-gram-10-ad\/#breadcrumb","itemListElement":[{"@type":"ListItem","position":1,"name":"Anasayfa","item":"https:\/\/seel.com.tr\/en\/"},{"@type":"ListItem","position":2,"name":"Shop","item":"https:\/\/seel.com.tr\/magaza\/"},{"@type":"ListItem","position":3,"name":"Pure Honey Spoon 7 gram X 10 pcs"}]},{"@type":"WebSite","@id":"https:\/\/seel.com.tr\/en\/#website","url":"https:\/\/seel.com.tr\/en\/","name":"Seel Food","description":"","potentialAction":[{"@type":"SearchAction","target":{"@type":"EntryPoint","urlTemplate":"https:\/\/seel.com.tr\/en\/?s={search_term_string}"},"query-input":"required name=search_term_string"}],"inLanguage":"en-US"}]}},"_links":{"self":[{"href":"https:\/\/seel.com.tr\/en\/wp-json\/wp\/v2\/product\/7981","targetHints":{"allow":["GET"]}}],"collection":[{"href":"https:\/\/seel.com.tr\/en\/wp-json\/wp\/v2\/product"}],"about":[{"href":"https:\/\/seel.com.tr\/en\/wp-json\/wp\/v2\/types\/product"}],"replies":[{"embeddable":true,"href":"https:\/\/seel.com.tr\/en\/wp-json\/wp\/v2\/comments?post=7981"}],"wp:featuredmedia":[{"embeddable":true,"href":"https:\/\/seel.com.tr\/en\/wp-json\/wp\/v2\/media\/7820"}],"wp:attachment":[{"href":"https:\/\/seel.com.tr\/en\/wp-json\/wp\/v2\/media?parent=7981"}],"wp:term":[{"taxonomy":"product_cat","embeddable":true,"href":"https:\/\/seel.com.tr\/en\/wp-json\/wp\/v2\/product_cat?post=7981"},{"taxonomy":"product_tag","embeddable":true,"href":"https:\/\/seel.com.tr\/en\/wp-json\/wp\/v2\/product_tag?post=7981"}],"curies":[{"name":"wp","href":"https:\/\/api.w.org\/{rel}","templated":true}]}}