{"id":7989,"date":"2023-08-23T11:34:25","date_gmt":"2023-08-23T08:34:25","guid":{"rendered":"https:\/\/seel.com.tr\/urun\/elazig-petek-bali-250-g\/"},"modified":"2023-08-24T15:50:06","modified_gmt":"2023-08-24T12:50:06","slug":"elazig-petek-bali-250-g","status":"publish","type":"product","link":"https:\/\/seel.com.tr\/en\/urun\/elazig-petek-bali-250-g\/","title":{"rendered":"Elaz\u0131\u011f Comb Honey 250 g"},"content":{"rendered":"<p>Bees fill honey into their original hexagonal-shaped beeswax cells and glaze them, it is called comb honey. Comb honey is the form of liquid honey before it is filtered. It is a multi-flower comb honey.<\/p>\n<p>Seel Food Company collects honeycomb directly from the high regions of Anatolia where is rich with endemic biodiversity hotspots. Honeycomb is produced naturally without using any additives.<br \/>\nPacked in 250 g, 400 g, 500 g, and 900 g plastic plate packages. It is offered for sale under the Seel Elaz\u0131\u011f Bal brand.<\/p>\n<p>Seel Elaz\u0131\u011f Honey Comb has a wide range of colors from light yellow to dark amber. It has an intensely aromatic, sweet taste.<\/p>\n<p>Comb honey crystallize later than liquid honey. In comb honey, the honey is kept in its natural packaging by being glazed by the bees. This prolongs the crystallization time of honey.<\/p>\n","protected":false},"excerpt":{"rendered":"<p>Elaz\u0131\u011f Comb Honey 250 g<\/p>\n","protected":false},"featured_media":7801,"comment_status":"open","ping_status":"closed","template":"","meta":{"inline_featured_image":false},"product_cat":[260],"product_tag":[262,354,263,264,265],"class_list":["post-7989","product","type-product","status-publish","has-post-thumbnail","hentry","product_cat-honeys","product_tag-anatolian-honey-en","product_tag-comb-honey-en","product_tag-flower-comb-honey-en","product_tag-natural-additive-free-honey-en","product_tag-raw-honey-en"],"yoast_head":"<!-- This site is optimized with the Yoast SEO plugin v20.13 - https:\/\/yoast.com\/wordpress\/plugins\/seo\/ -->\n<title>Elaz\u0131\u011f Comb Honey 250 g - Seel Food<\/title>\n<meta name=\"description\" content=\"Seel Elaz\u0131\u011f Petek Bal\u0131 250 Gr , Seel Hayvanc\u0131l\u0131k Tar\u0131m G\u0131da Anadolunun bir \u00e7ok yerinde bal \u00fcretimi yapmaktad\u0131r. Petek bal\u0131 ve di\u011fer bal \u00e7e\u015fitlerimiz i\u00e7in t\u0131klay\u0131n\u0131z.\" \/>\n<meta name=\"robots\" content=\"index, follow, max-snippet:-1, max-image-preview:large, max-video-preview:-1\" \/>\n<link rel=\"canonical\" href=\"https:\/\/seel.com.tr\/en\/urun\/elazig-petek-bali-250-g\/\" \/>\n<meta property=\"og:locale\" content=\"en_US\" \/>\n<meta property=\"og:type\" content=\"article\" \/>\n<meta property=\"og:title\" content=\"Elaz\u0131\u011f Comb Honey 250 g - Seel Food\" \/>\n<meta property=\"og:description\" content=\"Seel Elaz\u0131\u011f Petek Bal\u0131 250 Gr , Seel Hayvanc\u0131l\u0131k Tar\u0131m G\u0131da Anadolunun bir \u00e7ok yerinde bal \u00fcretimi yapmaktad\u0131r. Petek bal\u0131 ve di\u011fer bal \u00e7e\u015fitlerimiz i\u00e7in t\u0131klay\u0131n\u0131z.\" \/>\n<meta property=\"og:url\" content=\"https:\/\/seel.com.tr\/en\/urun\/elazig-petek-bali-250-g\/\" \/>\n<meta property=\"og:site_name\" content=\"Seel Food\" \/>\n<meta property=\"article:modified_time\" content=\"2023-08-24T12:50:06+00:00\" \/>\n<meta property=\"og:image\" content=\"https:\/\/seel.com.tr\/wp-content\/uploads\/2023\/08\/250gPetekBal.png\" \/>\n\t<meta property=\"og:image:width\" content=\"1500\" \/>\n\t<meta property=\"og:image:height\" content=\"1500\" \/>\n\t<meta property=\"og:image:type\" content=\"image\/png\" \/>\n<meta name=\"twitter:card\" content=\"summary_large_image\" \/>\n<meta name=\"twitter:label1\" content=\"Est. reading time\" \/>\n\t<meta name=\"twitter:data1\" content=\"1 minute\" \/>\n<script type=\"application\/ld+json\" class=\"yoast-schema-graph\">{\"@context\":\"https:\/\/schema.org\",\"@graph\":[{\"@type\":\"WebPage\",\"@id\":\"https:\/\/seel.com.tr\/en\/urun\/elazig-petek-bali-250-g\/\",\"url\":\"https:\/\/seel.com.tr\/en\/urun\/elazig-petek-bali-250-g\/\",\"name\":\"Elaz\u0131\u011f Comb Honey 250 g - Seel Food\",\"isPartOf\":{\"@id\":\"https:\/\/seel.com.tr\/en\/#website\"},\"datePublished\":\"2023-08-23T08:34:25+00:00\",\"dateModified\":\"2023-08-24T12:50:06+00:00\",\"description\":\"Seel Elaz\u0131\u011f Petek Bal\u0131 250 Gr , Seel Hayvanc\u0131l\u0131k Tar\u0131m G\u0131da Anadolunun bir \u00e7ok yerinde bal \u00fcretimi yapmaktad\u0131r. Petek bal\u0131 ve di\u011fer bal \u00e7e\u015fitlerimiz i\u00e7in t\u0131klay\u0131n\u0131z.\",\"breadcrumb\":{\"@id\":\"https:\/\/seel.com.tr\/en\/urun\/elazig-petek-bali-250-g\/#breadcrumb\"},\"inLanguage\":\"en-US\",\"potentialAction\":[{\"@type\":\"ReadAction\",\"target\":[\"https:\/\/seel.com.tr\/en\/urun\/elazig-petek-bali-250-g\/\"]}]},{\"@type\":\"BreadcrumbList\",\"@id\":\"https:\/\/seel.com.tr\/en\/urun\/elazig-petek-bali-250-g\/#breadcrumb\",\"itemListElement\":[{\"@type\":\"ListItem\",\"position\":1,\"name\":\"Anasayfa\",\"item\":\"https:\/\/seel.com.tr\/en\/\"},{\"@type\":\"ListItem\",\"position\":2,\"name\":\"Shop\",\"item\":\"https:\/\/seel.com.tr\/magaza\/\"},{\"@type\":\"ListItem\",\"position\":3,\"name\":\"Elaz\u0131\u011f Comb Honey 250 g\"}]},{\"@type\":\"WebSite\",\"@id\":\"https:\/\/seel.com.tr\/en\/#website\",\"url\":\"https:\/\/seel.com.tr\/en\/\",\"name\":\"Seel Food\",\"description\":\"\",\"potentialAction\":[{\"@type\":\"SearchAction\",\"target\":{\"@type\":\"EntryPoint\",\"urlTemplate\":\"https:\/\/seel.com.tr\/en\/?s={search_term_string}\"},\"query-input\":\"required name=search_term_string\"}],\"inLanguage\":\"en-US\"}]}<\/script>\n<!-- \/ Yoast SEO plugin. -->","yoast_head_json":{"title":"Elaz\u0131\u011f Comb Honey 250 g - Seel Food","description":"Seel Elaz\u0131\u011f Petek Bal\u0131 250 Gr , Seel Hayvanc\u0131l\u0131k Tar\u0131m G\u0131da Anadolunun bir \u00e7ok yerinde bal \u00fcretimi yapmaktad\u0131r. Petek bal\u0131 ve di\u011fer bal \u00e7e\u015fitlerimiz i\u00e7in t\u0131klay\u0131n\u0131z.","robots":{"index":"index","follow":"follow","max-snippet":"max-snippet:-1","max-image-preview":"max-image-preview:large","max-video-preview":"max-video-preview:-1"},"canonical":"https:\/\/seel.com.tr\/en\/urun\/elazig-petek-bali-250-g\/","og_locale":"en_US","og_type":"article","og_title":"Elaz\u0131\u011f Comb Honey 250 g - Seel Food","og_description":"Seel Elaz\u0131\u011f Petek Bal\u0131 250 Gr , Seel Hayvanc\u0131l\u0131k Tar\u0131m G\u0131da Anadolunun bir \u00e7ok yerinde bal \u00fcretimi yapmaktad\u0131r. Petek bal\u0131 ve di\u011fer bal \u00e7e\u015fitlerimiz i\u00e7in t\u0131klay\u0131n\u0131z.","og_url":"https:\/\/seel.com.tr\/en\/urun\/elazig-petek-bali-250-g\/","og_site_name":"Seel Food","article_modified_time":"2023-08-24T12:50:06+00:00","og_image":[{"width":1500,"height":1500,"url":"https:\/\/seel.com.tr\/wp-content\/uploads\/2023\/08\/250gPetekBal.png","type":"image\/png"}],"twitter_card":"summary_large_image","twitter_misc":{"Est. reading time":"1 minute"},"schema":{"@context":"https:\/\/schema.org","@graph":[{"@type":"WebPage","@id":"https:\/\/seel.com.tr\/en\/urun\/elazig-petek-bali-250-g\/","url":"https:\/\/seel.com.tr\/en\/urun\/elazig-petek-bali-250-g\/","name":"Elaz\u0131\u011f Comb Honey 250 g - Seel Food","isPartOf":{"@id":"https:\/\/seel.com.tr\/en\/#website"},"datePublished":"2023-08-23T08:34:25+00:00","dateModified":"2023-08-24T12:50:06+00:00","description":"Seel Elaz\u0131\u011f Petek Bal\u0131 250 Gr , Seel Hayvanc\u0131l\u0131k Tar\u0131m G\u0131da Anadolunun bir \u00e7ok yerinde bal \u00fcretimi yapmaktad\u0131r. Petek bal\u0131 ve di\u011fer bal \u00e7e\u015fitlerimiz i\u00e7in t\u0131klay\u0131n\u0131z.","breadcrumb":{"@id":"https:\/\/seel.com.tr\/en\/urun\/elazig-petek-bali-250-g\/#breadcrumb"},"inLanguage":"en-US","potentialAction":[{"@type":"ReadAction","target":["https:\/\/seel.com.tr\/en\/urun\/elazig-petek-bali-250-g\/"]}]},{"@type":"BreadcrumbList","@id":"https:\/\/seel.com.tr\/en\/urun\/elazig-petek-bali-250-g\/#breadcrumb","itemListElement":[{"@type":"ListItem","position":1,"name":"Anasayfa","item":"https:\/\/seel.com.tr\/en\/"},{"@type":"ListItem","position":2,"name":"Shop","item":"https:\/\/seel.com.tr\/magaza\/"},{"@type":"ListItem","position":3,"name":"Elaz\u0131\u011f Comb Honey 250 g"}]},{"@type":"WebSite","@id":"https:\/\/seel.com.tr\/en\/#website","url":"https:\/\/seel.com.tr\/en\/","name":"Seel Food","description":"","potentialAction":[{"@type":"SearchAction","target":{"@type":"EntryPoint","urlTemplate":"https:\/\/seel.com.tr\/en\/?s={search_term_string}"},"query-input":"required name=search_term_string"}],"inLanguage":"en-US"}]}},"_links":{"self":[{"href":"https:\/\/seel.com.tr\/en\/wp-json\/wp\/v2\/product\/7989","targetHints":{"allow":["GET"]}}],"collection":[{"href":"https:\/\/seel.com.tr\/en\/wp-json\/wp\/v2\/product"}],"about":[{"href":"https:\/\/seel.com.tr\/en\/wp-json\/wp\/v2\/types\/product"}],"replies":[{"embeddable":true,"href":"https:\/\/seel.com.tr\/en\/wp-json\/wp\/v2\/comments?post=7989"}],"wp:featuredmedia":[{"embeddable":true,"href":"https:\/\/seel.com.tr\/en\/wp-json\/wp\/v2\/media\/7801"}],"wp:attachment":[{"href":"https:\/\/seel.com.tr\/en\/wp-json\/wp\/v2\/media?parent=7989"}],"wp:term":[{"taxonomy":"product_cat","embeddable":true,"href":"https:\/\/seel.com.tr\/en\/wp-json\/wp\/v2\/product_cat?post=7989"},{"taxonomy":"product_tag","embeddable":true,"href":"https:\/\/seel.com.tr\/en\/wp-json\/wp\/v2\/product_tag?post=7989"}],"curies":[{"name":"wp","href":"https:\/\/api.w.org\/{rel}","templated":true}]}}