{"id":7993,"date":"2023-08-23T11:34:23","date_gmt":"2023-08-23T08:34:23","guid":{"rendered":"https:\/\/seel.com.tr\/urun\/from-anatolia-suzme-sedir-bali-850-g\/"},"modified":"2023-08-24T15:53:03","modified_gmt":"2023-08-24T12:53:03","slug":"from-anatolia-suzme-sedir-bali-850-g","status":"publish","type":"product","link":"https:\/\/seel.com.tr\/en\/urun\/from-anatolia-suzme-sedir-bali-850-g\/","title":{"rendered":"From Anatolia Liquid Sidr Honey 850 g"},"content":{"rendered":"<p>It is produced in Sidr Tree forests in the Taurus Mountains. It has high nutritional value. Sidr honey, which is produced in a short time every year, cannot be produced for some years due to climatic conditions.<\/p>\n<p>Seel Food Company produces Liquid Sidr Honey in the Taurus Mountains. It packs raw honey by preserving its nutritional value and naturalness.<\/p>\n<p>Packed in 480 g, 850 g glass jars, and 400 g squeezable plastic packages. It is offered for sale with \u201cSeel From Anatolia\u201d Brand.<\/p>\n<p>It is dark-colored honey. It has a strong and aromatic taste. It causes a burning sensation in the throat. Its nutritional values are quite high. It is consumed for healing.<br \/>\nIt can be stored for a long time without crystallization.<\/p>\n","protected":false},"excerpt":{"rendered":"<p>From Anatolia Liquid Sidr Honey 850 g<\/p>\n","protected":false},"featured_media":7799,"comment_status":"open","ping_status":"closed","template":"","meta":{"inline_featured_image":false},"product_cat":[260],"product_tag":[262,357,358,264,265],"class_list":["post-7993","product","type-product","status-publish","has-post-thumbnail","hentry","product_cat-honeys","product_tag-anatolian-honey-en","product_tag-cidr-honey-en","product_tag-liquid-sidr-honey-en","product_tag-natural-additive-free-honey-en","product_tag-raw-honey-en"],"yoast_head":"<!-- This site is optimized with the Yoast SEO plugin v20.13 - https:\/\/yoast.com\/wordpress\/plugins\/seo\/ -->\n<title>From Anatolia Liquid Sidr Honey 850 g - Seel Food<\/title>\n<meta name=\"description\" content=\"From Anatolia S\u00fczme Sedir Bal\u0131 850 Gr Seel Hayvanc\u0131l\u0131k Tar\u0131m G\u0131da Anadolunun bir \u00e7ok yerinde bal \u00fcretimi yapmaktad\u0131r. S\u00fczme Sedir Bal\u0131 ve di\u011fer bal \u00e7e\u015fitlerimiz i\u00e7in t\u0131klay\u0131n\u0131z.\" \/>\n<meta name=\"robots\" content=\"index, follow, max-snippet:-1, max-image-preview:large, max-video-preview:-1\" \/>\n<link rel=\"canonical\" href=\"https:\/\/seel.com.tr\/en\/urun\/from-anatolia-suzme-sedir-bali-850-g\/\" \/>\n<meta property=\"og:locale\" content=\"en_US\" \/>\n<meta property=\"og:type\" content=\"article\" \/>\n<meta property=\"og:title\" content=\"From Anatolia Liquid Sidr Honey 850 g - Seel Food\" \/>\n<meta property=\"og:description\" content=\"From Anatolia S\u00fczme Sedir Bal\u0131 850 Gr Seel Hayvanc\u0131l\u0131k Tar\u0131m G\u0131da Anadolunun bir \u00e7ok yerinde bal \u00fcretimi yapmaktad\u0131r. S\u00fczme Sedir Bal\u0131 ve di\u011fer bal \u00e7e\u015fitlerimiz i\u00e7in t\u0131klay\u0131n\u0131z.\" \/>\n<meta property=\"og:url\" content=\"https:\/\/seel.com.tr\/en\/urun\/from-anatolia-suzme-sedir-bali-850-g\/\" \/>\n<meta property=\"og:site_name\" content=\"Seel Food\" \/>\n<meta property=\"article:modified_time\" content=\"2023-08-24T12:53:03+00:00\" \/>\n<meta property=\"og:image\" content=\"https:\/\/seel.com.tr\/wp-content\/uploads\/2022\/11\/FASSB850-1.jpg\" \/>\n\t<meta property=\"og:image:width\" content=\"1000\" \/>\n\t<meta property=\"og:image:height\" content=\"1000\" \/>\n\t<meta property=\"og:image:type\" content=\"image\/jpeg\" \/>\n<meta name=\"twitter:card\" content=\"summary_large_image\" \/>\n<meta name=\"twitter:label1\" content=\"Est. reading time\" \/>\n\t<meta name=\"twitter:data1\" content=\"1 minute\" \/>\n<script type=\"application\/ld+json\" class=\"yoast-schema-graph\">{\"@context\":\"https:\/\/schema.org\",\"@graph\":[{\"@type\":\"WebPage\",\"@id\":\"https:\/\/seel.com.tr\/en\/urun\/from-anatolia-suzme-sedir-bali-850-g\/\",\"url\":\"https:\/\/seel.com.tr\/en\/urun\/from-anatolia-suzme-sedir-bali-850-g\/\",\"name\":\"From Anatolia Liquid Sidr Honey 850 g - Seel Food\",\"isPartOf\":{\"@id\":\"https:\/\/seel.com.tr\/en\/#website\"},\"datePublished\":\"2023-08-23T08:34:23+00:00\",\"dateModified\":\"2023-08-24T12:53:03+00:00\",\"description\":\"From Anatolia S\u00fczme Sedir Bal\u0131 850 Gr Seel Hayvanc\u0131l\u0131k Tar\u0131m G\u0131da Anadolunun bir \u00e7ok yerinde bal \u00fcretimi yapmaktad\u0131r. S\u00fczme Sedir Bal\u0131 ve di\u011fer bal \u00e7e\u015fitlerimiz i\u00e7in t\u0131klay\u0131n\u0131z.\",\"breadcrumb\":{\"@id\":\"https:\/\/seel.com.tr\/en\/urun\/from-anatolia-suzme-sedir-bali-850-g\/#breadcrumb\"},\"inLanguage\":\"en-US\",\"potentialAction\":[{\"@type\":\"ReadAction\",\"target\":[\"https:\/\/seel.com.tr\/en\/urun\/from-anatolia-suzme-sedir-bali-850-g\/\"]}]},{\"@type\":\"BreadcrumbList\",\"@id\":\"https:\/\/seel.com.tr\/en\/urun\/from-anatolia-suzme-sedir-bali-850-g\/#breadcrumb\",\"itemListElement\":[{\"@type\":\"ListItem\",\"position\":1,\"name\":\"Anasayfa\",\"item\":\"https:\/\/seel.com.tr\/en\/\"},{\"@type\":\"ListItem\",\"position\":2,\"name\":\"Shop\",\"item\":\"https:\/\/seel.com.tr\/magaza\/\"},{\"@type\":\"ListItem\",\"position\":3,\"name\":\"From Anatolia Liquid Sidr Honey 850 g\"}]},{\"@type\":\"WebSite\",\"@id\":\"https:\/\/seel.com.tr\/en\/#website\",\"url\":\"https:\/\/seel.com.tr\/en\/\",\"name\":\"Seel Food\",\"description\":\"\",\"potentialAction\":[{\"@type\":\"SearchAction\",\"target\":{\"@type\":\"EntryPoint\",\"urlTemplate\":\"https:\/\/seel.com.tr\/en\/?s={search_term_string}\"},\"query-input\":\"required name=search_term_string\"}],\"inLanguage\":\"en-US\"}]}<\/script>\n<!-- \/ Yoast SEO plugin. -->","yoast_head_json":{"title":"From Anatolia Liquid Sidr Honey 850 g - Seel Food","description":"From Anatolia S\u00fczme Sedir Bal\u0131 850 Gr Seel Hayvanc\u0131l\u0131k Tar\u0131m G\u0131da Anadolunun bir \u00e7ok yerinde bal \u00fcretimi yapmaktad\u0131r. S\u00fczme Sedir Bal\u0131 ve di\u011fer bal \u00e7e\u015fitlerimiz i\u00e7in t\u0131klay\u0131n\u0131z.","robots":{"index":"index","follow":"follow","max-snippet":"max-snippet:-1","max-image-preview":"max-image-preview:large","max-video-preview":"max-video-preview:-1"},"canonical":"https:\/\/seel.com.tr\/en\/urun\/from-anatolia-suzme-sedir-bali-850-g\/","og_locale":"en_US","og_type":"article","og_title":"From Anatolia Liquid Sidr Honey 850 g - Seel Food","og_description":"From Anatolia S\u00fczme Sedir Bal\u0131 850 Gr Seel Hayvanc\u0131l\u0131k Tar\u0131m G\u0131da Anadolunun bir \u00e7ok yerinde bal \u00fcretimi yapmaktad\u0131r. S\u00fczme Sedir Bal\u0131 ve di\u011fer bal \u00e7e\u015fitlerimiz i\u00e7in t\u0131klay\u0131n\u0131z.","og_url":"https:\/\/seel.com.tr\/en\/urun\/from-anatolia-suzme-sedir-bali-850-g\/","og_site_name":"Seel Food","article_modified_time":"2023-08-24T12:53:03+00:00","og_image":[{"width":1000,"height":1000,"url":"https:\/\/seel.com.tr\/wp-content\/uploads\/2022\/11\/FASSB850-1.jpg","type":"image\/jpeg"}],"twitter_card":"summary_large_image","twitter_misc":{"Est. reading time":"1 minute"},"schema":{"@context":"https:\/\/schema.org","@graph":[{"@type":"WebPage","@id":"https:\/\/seel.com.tr\/en\/urun\/from-anatolia-suzme-sedir-bali-850-g\/","url":"https:\/\/seel.com.tr\/en\/urun\/from-anatolia-suzme-sedir-bali-850-g\/","name":"From Anatolia Liquid Sidr Honey 850 g - Seel Food","isPartOf":{"@id":"https:\/\/seel.com.tr\/en\/#website"},"datePublished":"2023-08-23T08:34:23+00:00","dateModified":"2023-08-24T12:53:03+00:00","description":"From Anatolia S\u00fczme Sedir Bal\u0131 850 Gr Seel Hayvanc\u0131l\u0131k Tar\u0131m G\u0131da Anadolunun bir \u00e7ok yerinde bal \u00fcretimi yapmaktad\u0131r. S\u00fczme Sedir Bal\u0131 ve di\u011fer bal \u00e7e\u015fitlerimiz i\u00e7in t\u0131klay\u0131n\u0131z.","breadcrumb":{"@id":"https:\/\/seel.com.tr\/en\/urun\/from-anatolia-suzme-sedir-bali-850-g\/#breadcrumb"},"inLanguage":"en-US","potentialAction":[{"@type":"ReadAction","target":["https:\/\/seel.com.tr\/en\/urun\/from-anatolia-suzme-sedir-bali-850-g\/"]}]},{"@type":"BreadcrumbList","@id":"https:\/\/seel.com.tr\/en\/urun\/from-anatolia-suzme-sedir-bali-850-g\/#breadcrumb","itemListElement":[{"@type":"ListItem","position":1,"name":"Anasayfa","item":"https:\/\/seel.com.tr\/en\/"},{"@type":"ListItem","position":2,"name":"Shop","item":"https:\/\/seel.com.tr\/magaza\/"},{"@type":"ListItem","position":3,"name":"From Anatolia Liquid Sidr Honey 850 g"}]},{"@type":"WebSite","@id":"https:\/\/seel.com.tr\/en\/#website","url":"https:\/\/seel.com.tr\/en\/","name":"Seel Food","description":"","potentialAction":[{"@type":"SearchAction","target":{"@type":"EntryPoint","urlTemplate":"https:\/\/seel.com.tr\/en\/?s={search_term_string}"},"query-input":"required name=search_term_string"}],"inLanguage":"en-US"}]}},"_links":{"self":[{"href":"https:\/\/seel.com.tr\/en\/wp-json\/wp\/v2\/product\/7993","targetHints":{"allow":["GET"]}}],"collection":[{"href":"https:\/\/seel.com.tr\/en\/wp-json\/wp\/v2\/product"}],"about":[{"href":"https:\/\/seel.com.tr\/en\/wp-json\/wp\/v2\/types\/product"}],"replies":[{"embeddable":true,"href":"https:\/\/seel.com.tr\/en\/wp-json\/wp\/v2\/comments?post=7993"}],"wp:featuredmedia":[{"embeddable":true,"href":"https:\/\/seel.com.tr\/en\/wp-json\/wp\/v2\/media\/7799"}],"wp:attachment":[{"href":"https:\/\/seel.com.tr\/en\/wp-json\/wp\/v2\/media?parent=7993"}],"wp:term":[{"taxonomy":"product_cat","embeddable":true,"href":"https:\/\/seel.com.tr\/en\/wp-json\/wp\/v2\/product_cat?post=7993"},{"taxonomy":"product_tag","embeddable":true,"href":"https:\/\/seel.com.tr\/en\/wp-json\/wp\/v2\/product_tag?post=7993"}],"curies":[{"name":"wp","href":"https:\/\/api.w.org\/{rel}","templated":true}]}}