{"id":8017,"date":"2022-11-25T09:50:49","date_gmt":"2022-11-25T06:50:49","guid":{"rendered":"https:\/\/seel.com.tr\/urun\/ova-suzme-cicek-bali-460-gr\/"},"modified":"2023-08-24T16:10:45","modified_gmt":"2023-08-24T13:10:45","slug":"ova-suzme-cicek-bali-460-gr","status":"publish","type":"product","link":"https:\/\/seel.com.tr\/en\/urun\/ova-suzme-cicek-bali-460-gr\/","title":{"rendered":"Ova Liquid Flower Honey 460 gr"},"content":{"rendered":"<p>Flower honey is produced by bees by collecting nectar from flowers. In general, the expression &#8220;Flower Honey&#8221; refers to the honey obtained by collecting nectar from more than one flower variety, so it is also called multi-flower honey. Honey obtained from a single flower is named after the flower from which it is obtained. Multi-flower honey is the most produced and consumed honey in the world.<\/p>\n<p>The quality of honey is directly dependent on the nectar obtained from the flowers. For this reason, Seel Food Company is harvested directly from the high regions of Anatolia where is rich with endemic biodiversity hotspots.<\/p>\n<p>Packed in 40 g, 230 g, 480 g, 850 g glass jars, and 280 g, 400 g squeezable plastic packages. It is offered for sale under the Seel Elaz\u0131\u011f Bal and Seel Ova Bal brands.<\/p>\n<p>Seel Elaz\u0131\u011f Flower Honey&#8217;s color is amber and it has an intense aroma and sweet taste.<\/p>\n<p>Honey can crystallize over time and can be consumed in its crystallized form. Those who do not prefer to consume it this way can keep the honey jar in hot water to dissolve the honey.<\/p>\n","protected":false},"excerpt":{"rendered":"<p>Ova Liquid Flower Honey 460 gr<\/p>\n","protected":false},"featured_media":7759,"comment_status":"closed","ping_status":"closed","template":"","meta":{"inline_featured_image":false},"product_cat":[260],"product_tag":[262,361,362,264,265],"class_list":["post-8017","product","type-product","status-publish","has-post-thumbnail","hentry","product_cat-honeys","product_tag-anatolian-honey-en","product_tag-flower-honey-en","product_tag-liquid-flower-honey-en","product_tag-natural-additive-free-honey-en","product_tag-raw-honey-en"],"yoast_head":"<!-- This site is optimized with the Yoast SEO plugin v20.13 - https:\/\/yoast.com\/wordpress\/plugins\/seo\/ -->\n<title>Ova Liquid Flower Honey 460 gr - Seel Food<\/title>\n<meta name=\"description\" content=\"Ova S\u00fczme \u00c7i\u00e7ek Bal\u0131 Kavanoz 460 g, Seel Hayvanc\u0131l\u0131k Tar\u0131m G\u0131da Anadolunun bir \u00e7ok yerinde bal \u00fcretimi yapmaktad\u0131r. S\u00fczme \u00c7i\u00e7ek Bal\u0131 ve di\u011fer bal \u00e7e\u015fitlerimiz i\u00e7in t\u0131klay\u0131n\u0131z.\" \/>\n<meta name=\"robots\" content=\"index, follow, max-snippet:-1, max-image-preview:large, max-video-preview:-1\" \/>\n<link rel=\"canonical\" href=\"https:\/\/seel.com.tr\/en\/urun\/ova-suzme-cicek-bali-460-gr\/\" \/>\n<meta property=\"og:locale\" content=\"en_US\" \/>\n<meta property=\"og:type\" content=\"article\" \/>\n<meta property=\"og:title\" content=\"Ova Liquid Flower Honey 460 gr - Seel Food\" \/>\n<meta property=\"og:description\" content=\"Ova S\u00fczme \u00c7i\u00e7ek Bal\u0131 Kavanoz 460 g, Seel Hayvanc\u0131l\u0131k Tar\u0131m G\u0131da Anadolunun bir \u00e7ok yerinde bal \u00fcretimi yapmaktad\u0131r. S\u00fczme \u00c7i\u00e7ek Bal\u0131 ve di\u011fer bal \u00e7e\u015fitlerimiz i\u00e7in t\u0131klay\u0131n\u0131z.\" \/>\n<meta property=\"og:url\" content=\"https:\/\/seel.com.tr\/en\/urun\/ova-suzme-cicek-bali-460-gr\/\" \/>\n<meta property=\"og:site_name\" content=\"Seel Food\" \/>\n<meta property=\"article:modified_time\" content=\"2023-08-24T13:10:45+00:00\" \/>\n<meta property=\"og:image\" content=\"https:\/\/seel.com.tr\/wp-content\/uploads\/2022\/11\/Ova-Bal-480g-1500px.png\" \/>\n\t<meta property=\"og:image:width\" content=\"1500\" \/>\n\t<meta property=\"og:image:height\" content=\"1500\" \/>\n\t<meta property=\"og:image:type\" content=\"image\/png\" \/>\n<meta name=\"twitter:card\" content=\"summary_large_image\" \/>\n<meta name=\"twitter:label1\" content=\"Est. reading time\" \/>\n\t<meta name=\"twitter:data1\" content=\"2 minutes\" \/>\n<script type=\"application\/ld+json\" class=\"yoast-schema-graph\">{\"@context\":\"https:\/\/schema.org\",\"@graph\":[{\"@type\":\"WebPage\",\"@id\":\"https:\/\/seel.com.tr\/en\/urun\/ova-suzme-cicek-bali-460-gr\/\",\"url\":\"https:\/\/seel.com.tr\/en\/urun\/ova-suzme-cicek-bali-460-gr\/\",\"name\":\"Ova Liquid Flower Honey 460 gr - Seel Food\",\"isPartOf\":{\"@id\":\"https:\/\/seel.com.tr\/en\/#website\"},\"datePublished\":\"2022-11-25T06:50:49+00:00\",\"dateModified\":\"2023-08-24T13:10:45+00:00\",\"description\":\"Ova S\u00fczme \u00c7i\u00e7ek Bal\u0131 Kavanoz 460 g, Seel Hayvanc\u0131l\u0131k Tar\u0131m G\u0131da Anadolunun bir \u00e7ok yerinde bal \u00fcretimi yapmaktad\u0131r. S\u00fczme \u00c7i\u00e7ek Bal\u0131 ve di\u011fer bal \u00e7e\u015fitlerimiz i\u00e7in t\u0131klay\u0131n\u0131z.\",\"breadcrumb\":{\"@id\":\"https:\/\/seel.com.tr\/en\/urun\/ova-suzme-cicek-bali-460-gr\/#breadcrumb\"},\"inLanguage\":\"en-US\",\"potentialAction\":[{\"@type\":\"ReadAction\",\"target\":[\"https:\/\/seel.com.tr\/en\/urun\/ova-suzme-cicek-bali-460-gr\/\"]}]},{\"@type\":\"BreadcrumbList\",\"@id\":\"https:\/\/seel.com.tr\/en\/urun\/ova-suzme-cicek-bali-460-gr\/#breadcrumb\",\"itemListElement\":[{\"@type\":\"ListItem\",\"position\":1,\"name\":\"Anasayfa\",\"item\":\"https:\/\/seel.com.tr\/en\/\"},{\"@type\":\"ListItem\",\"position\":2,\"name\":\"Shop\",\"item\":\"https:\/\/seel.com.tr\/magaza\/\"},{\"@type\":\"ListItem\",\"position\":3,\"name\":\"Ova Liquid Flower Honey 460 gr\"}]},{\"@type\":\"WebSite\",\"@id\":\"https:\/\/seel.com.tr\/en\/#website\",\"url\":\"https:\/\/seel.com.tr\/en\/\",\"name\":\"Seel Food\",\"description\":\"\",\"potentialAction\":[{\"@type\":\"SearchAction\",\"target\":{\"@type\":\"EntryPoint\",\"urlTemplate\":\"https:\/\/seel.com.tr\/en\/?s={search_term_string}\"},\"query-input\":\"required name=search_term_string\"}],\"inLanguage\":\"en-US\"}]}<\/script>\n<!-- \/ Yoast SEO plugin. -->","yoast_head_json":{"title":"Ova Liquid Flower Honey 460 gr - Seel Food","description":"Ova S\u00fczme \u00c7i\u00e7ek Bal\u0131 Kavanoz 460 g, Seel Hayvanc\u0131l\u0131k Tar\u0131m G\u0131da Anadolunun bir \u00e7ok yerinde bal \u00fcretimi yapmaktad\u0131r. S\u00fczme \u00c7i\u00e7ek Bal\u0131 ve di\u011fer bal \u00e7e\u015fitlerimiz i\u00e7in t\u0131klay\u0131n\u0131z.","robots":{"index":"index","follow":"follow","max-snippet":"max-snippet:-1","max-image-preview":"max-image-preview:large","max-video-preview":"max-video-preview:-1"},"canonical":"https:\/\/seel.com.tr\/en\/urun\/ova-suzme-cicek-bali-460-gr\/","og_locale":"en_US","og_type":"article","og_title":"Ova Liquid Flower Honey 460 gr - Seel Food","og_description":"Ova S\u00fczme \u00c7i\u00e7ek Bal\u0131 Kavanoz 460 g, Seel Hayvanc\u0131l\u0131k Tar\u0131m G\u0131da Anadolunun bir \u00e7ok yerinde bal \u00fcretimi yapmaktad\u0131r. S\u00fczme \u00c7i\u00e7ek Bal\u0131 ve di\u011fer bal \u00e7e\u015fitlerimiz i\u00e7in t\u0131klay\u0131n\u0131z.","og_url":"https:\/\/seel.com.tr\/en\/urun\/ova-suzme-cicek-bali-460-gr\/","og_site_name":"Seel Food","article_modified_time":"2023-08-24T13:10:45+00:00","og_image":[{"width":1500,"height":1500,"url":"https:\/\/seel.com.tr\/wp-content\/uploads\/2022\/11\/Ova-Bal-480g-1500px.png","type":"image\/png"}],"twitter_card":"summary_large_image","twitter_misc":{"Est. reading time":"2 minutes"},"schema":{"@context":"https:\/\/schema.org","@graph":[{"@type":"WebPage","@id":"https:\/\/seel.com.tr\/en\/urun\/ova-suzme-cicek-bali-460-gr\/","url":"https:\/\/seel.com.tr\/en\/urun\/ova-suzme-cicek-bali-460-gr\/","name":"Ova Liquid Flower Honey 460 gr - Seel Food","isPartOf":{"@id":"https:\/\/seel.com.tr\/en\/#website"},"datePublished":"2022-11-25T06:50:49+00:00","dateModified":"2023-08-24T13:10:45+00:00","description":"Ova S\u00fczme \u00c7i\u00e7ek Bal\u0131 Kavanoz 460 g, Seel Hayvanc\u0131l\u0131k Tar\u0131m G\u0131da Anadolunun bir \u00e7ok yerinde bal \u00fcretimi yapmaktad\u0131r. S\u00fczme \u00c7i\u00e7ek Bal\u0131 ve di\u011fer bal \u00e7e\u015fitlerimiz i\u00e7in t\u0131klay\u0131n\u0131z.","breadcrumb":{"@id":"https:\/\/seel.com.tr\/en\/urun\/ova-suzme-cicek-bali-460-gr\/#breadcrumb"},"inLanguage":"en-US","potentialAction":[{"@type":"ReadAction","target":["https:\/\/seel.com.tr\/en\/urun\/ova-suzme-cicek-bali-460-gr\/"]}]},{"@type":"BreadcrumbList","@id":"https:\/\/seel.com.tr\/en\/urun\/ova-suzme-cicek-bali-460-gr\/#breadcrumb","itemListElement":[{"@type":"ListItem","position":1,"name":"Anasayfa","item":"https:\/\/seel.com.tr\/en\/"},{"@type":"ListItem","position":2,"name":"Shop","item":"https:\/\/seel.com.tr\/magaza\/"},{"@type":"ListItem","position":3,"name":"Ova Liquid Flower Honey 460 gr"}]},{"@type":"WebSite","@id":"https:\/\/seel.com.tr\/en\/#website","url":"https:\/\/seel.com.tr\/en\/","name":"Seel Food","description":"","potentialAction":[{"@type":"SearchAction","target":{"@type":"EntryPoint","urlTemplate":"https:\/\/seel.com.tr\/en\/?s={search_term_string}"},"query-input":"required name=search_term_string"}],"inLanguage":"en-US"}]}},"_links":{"self":[{"href":"https:\/\/seel.com.tr\/en\/wp-json\/wp\/v2\/product\/8017","targetHints":{"allow":["GET"]}}],"collection":[{"href":"https:\/\/seel.com.tr\/en\/wp-json\/wp\/v2\/product"}],"about":[{"href":"https:\/\/seel.com.tr\/en\/wp-json\/wp\/v2\/types\/product"}],"replies":[{"embeddable":true,"href":"https:\/\/seel.com.tr\/en\/wp-json\/wp\/v2\/comments?post=8017"}],"wp:featuredmedia":[{"embeddable":true,"href":"https:\/\/seel.com.tr\/en\/wp-json\/wp\/v2\/media\/7759"}],"wp:attachment":[{"href":"https:\/\/seel.com.tr\/en\/wp-json\/wp\/v2\/media?parent=8017"}],"wp:term":[{"taxonomy":"product_cat","embeddable":true,"href":"https:\/\/seel.com.tr\/en\/wp-json\/wp\/v2\/product_cat?post=8017"},{"taxonomy":"product_tag","embeddable":true,"href":"https:\/\/seel.com.tr\/en\/wp-json\/wp\/v2\/product_tag?post=8017"}],"curies":[{"name":"wp","href":"https:\/\/api.w.org\/{rel}","templated":true}]}}