{"id":8024,"date":"2022-11-25T09:50:49","date_gmt":"2022-11-25T06:50:49","guid":{"rendered":"https:\/\/seel.com.tr\/urun\/from-anatolia-suzme-cam-bali-240-g\/"},"modified":"2023-08-24T16:13:43","modified_gmt":"2023-08-24T13:13:43","slug":"from-anatolia-suzme-cam-bali-240-g","status":"publish","type":"product","link":"https:\/\/seel.com.tr\/en\/urun\/from-anatolia-suzme-cam-bali-240-g\/","title":{"rendered":"From Anatolia  Liquid Pine Honey 240 g"},"content":{"rendered":"<p>Pine Honey is a honey type known as secretory honey. The Basra beetle (Marchalina hellenica) is fed by absorbing the pine\u2019s core water, leaving the increased core water on the tree as a sweet substance. This secretion is ripened by the honey bee and converted into pine honey. A large percentage of pine honey production in the world, such as 90%, is made in Turkey.<\/p>\n<p>Seel Food Company collects pine honey from pine tree forests in the provinces of Antalya, Isparta, Mu\u011fla, \u0130zmir, Burdur, and Bal\u0131kesir, and packs the honey by preserving its nutritional facts and naturalness without heat treatment.<\/p>\n<p>Packed in 40 g, 240 g, 480 g, 850 g glass jars, and 280 g, 400 g squeezable plastic packages. It is offered for sale with \u201cSeel From Anatolia\u201d Brand.<\/p>\n<p>Pine honey has a darker color and is less sweet favor than flower honey. Glucose and fructose content is lower than flower honey and does not leave a burning sensation in the throat. It contains more enzyme, amino acid, mineral and antioxidants than flower honey. Especially in the content of pine honey, there are much-needed nutritions such as Pinocembrin, pinobaxin, chrisin and galagin. Of these, pinocembrin is an ingredient found only in pine honey.<\/p>\n<p>It can be stored for a long time without crystallization.<\/p>\n","protected":false},"excerpt":{"rendered":"<p>From Anatolia Liquid Pine Honey 240 g<\/p>\n","protected":false},"featured_media":8081,"comment_status":"open","ping_status":"closed","template":"","meta":{"inline_featured_image":false},"product_cat":[260],"product_tag":[262,367,264,342,265],"class_list":["post-8024","product","type-product","status-publish","has-post-thumbnail","hentry","product_cat-honeys","product_tag-anatolian-honey-en","product_tag-liquid-pine-honey-en","product_tag-natural-additive-free-honey-en","product_tag-pine-honey-en","product_tag-raw-honey-en"],"yoast_head":"<!-- This site is optimized with the Yoast SEO plugin v20.13 - https:\/\/yoast.com\/wordpress\/plugins\/seo\/ -->\n<title>From Anatolia Liquid Pine Honey 240 g - Seel Food<\/title>\n<meta name=\"description\" content=\"From Anatolia S\u00fczme \u00c7am Bal\u0131 Kavanoz 240 g, Seel Hayvanc\u0131l\u0131k Tar\u0131m G\u0131da Anadolunun bir \u00e7ok yerinde bal \u00fcretimi yapmaktad\u0131r. S\u00fczme \u00c7am Bal\u0131 ve di\u011fer bal \u00e7e\u015fitlerimiz i\u00e7in t\u0131klay\u0131n\u0131z.\" \/>\n<meta name=\"robots\" content=\"index, follow, max-snippet:-1, max-image-preview:large, max-video-preview:-1\" \/>\n<link rel=\"canonical\" href=\"https:\/\/seel.com.tr\/en\/urun\/from-anatolia-suzme-cam-bali-240-g\/\" \/>\n<meta property=\"og:locale\" content=\"en_US\" \/>\n<meta property=\"og:type\" content=\"article\" \/>\n<meta property=\"og:title\" content=\"From Anatolia Liquid Pine Honey 240 g - Seel Food\" \/>\n<meta property=\"og:description\" content=\"From Anatolia S\u00fczme \u00c7am Bal\u0131 Kavanoz 240 g, Seel Hayvanc\u0131l\u0131k Tar\u0131m G\u0131da Anadolunun bir \u00e7ok yerinde bal \u00fcretimi yapmaktad\u0131r. S\u00fczme \u00c7am Bal\u0131 ve di\u011fer bal \u00e7e\u015fitlerimiz i\u00e7in t\u0131klay\u0131n\u0131z.\" \/>\n<meta property=\"og:url\" content=\"https:\/\/seel.com.tr\/en\/urun\/from-anatolia-suzme-cam-bali-240-g\/\" \/>\n<meta property=\"og:site_name\" content=\"Seel Food\" \/>\n<meta property=\"article:modified_time\" content=\"2023-08-24T13:13:43+00:00\" \/>\n<meta property=\"og:image\" content=\"https:\/\/seel.com.tr\/wp-content\/uploads\/2022\/11\/FSCB240-liquid-pine-honey-1.png\" \/>\n\t<meta property=\"og:image:width\" content=\"1500\" \/>\n\t<meta property=\"og:image:height\" content=\"1515\" \/>\n\t<meta property=\"og:image:type\" content=\"image\/png\" \/>\n<meta name=\"twitter:card\" content=\"summary_large_image\" \/>\n<meta name=\"twitter:label1\" content=\"Est. reading time\" \/>\n\t<meta name=\"twitter:data1\" content=\"2 minutes\" \/>\n<script type=\"application\/ld+json\" class=\"yoast-schema-graph\">{\"@context\":\"https:\/\/schema.org\",\"@graph\":[{\"@type\":\"WebPage\",\"@id\":\"https:\/\/seel.com.tr\/en\/urun\/from-anatolia-suzme-cam-bali-240-g\/\",\"url\":\"https:\/\/seel.com.tr\/en\/urun\/from-anatolia-suzme-cam-bali-240-g\/\",\"name\":\"From Anatolia Liquid Pine Honey 240 g - Seel Food\",\"isPartOf\":{\"@id\":\"https:\/\/seel.com.tr\/en\/#website\"},\"datePublished\":\"2022-11-25T06:50:49+00:00\",\"dateModified\":\"2023-08-24T13:13:43+00:00\",\"description\":\"From Anatolia S\u00fczme \u00c7am Bal\u0131 Kavanoz 240 g, Seel Hayvanc\u0131l\u0131k Tar\u0131m G\u0131da Anadolunun bir \u00e7ok yerinde bal \u00fcretimi yapmaktad\u0131r. S\u00fczme \u00c7am Bal\u0131 ve di\u011fer bal \u00e7e\u015fitlerimiz i\u00e7in t\u0131klay\u0131n\u0131z.\",\"breadcrumb\":{\"@id\":\"https:\/\/seel.com.tr\/en\/urun\/from-anatolia-suzme-cam-bali-240-g\/#breadcrumb\"},\"inLanguage\":\"en-US\",\"potentialAction\":[{\"@type\":\"ReadAction\",\"target\":[\"https:\/\/seel.com.tr\/en\/urun\/from-anatolia-suzme-cam-bali-240-g\/\"]}]},{\"@type\":\"BreadcrumbList\",\"@id\":\"https:\/\/seel.com.tr\/en\/urun\/from-anatolia-suzme-cam-bali-240-g\/#breadcrumb\",\"itemListElement\":[{\"@type\":\"ListItem\",\"position\":1,\"name\":\"Anasayfa\",\"item\":\"https:\/\/seel.com.tr\/en\/\"},{\"@type\":\"ListItem\",\"position\":2,\"name\":\"Shop\",\"item\":\"https:\/\/seel.com.tr\/magaza\/\"},{\"@type\":\"ListItem\",\"position\":3,\"name\":\"From Anatolia Liquid Pine Honey 240 g\"}]},{\"@type\":\"WebSite\",\"@id\":\"https:\/\/seel.com.tr\/en\/#website\",\"url\":\"https:\/\/seel.com.tr\/en\/\",\"name\":\"Seel Food\",\"description\":\"\",\"potentialAction\":[{\"@type\":\"SearchAction\",\"target\":{\"@type\":\"EntryPoint\",\"urlTemplate\":\"https:\/\/seel.com.tr\/en\/?s={search_term_string}\"},\"query-input\":\"required name=search_term_string\"}],\"inLanguage\":\"en-US\"}]}<\/script>\n<!-- \/ Yoast SEO plugin. -->","yoast_head_json":{"title":"From Anatolia Liquid Pine Honey 240 g - Seel Food","description":"From Anatolia S\u00fczme \u00c7am Bal\u0131 Kavanoz 240 g, Seel Hayvanc\u0131l\u0131k Tar\u0131m G\u0131da Anadolunun bir \u00e7ok yerinde bal \u00fcretimi yapmaktad\u0131r. S\u00fczme \u00c7am Bal\u0131 ve di\u011fer bal \u00e7e\u015fitlerimiz i\u00e7in t\u0131klay\u0131n\u0131z.","robots":{"index":"index","follow":"follow","max-snippet":"max-snippet:-1","max-image-preview":"max-image-preview:large","max-video-preview":"max-video-preview:-1"},"canonical":"https:\/\/seel.com.tr\/en\/urun\/from-anatolia-suzme-cam-bali-240-g\/","og_locale":"en_US","og_type":"article","og_title":"From Anatolia Liquid Pine Honey 240 g - Seel Food","og_description":"From Anatolia S\u00fczme \u00c7am Bal\u0131 Kavanoz 240 g, Seel Hayvanc\u0131l\u0131k Tar\u0131m G\u0131da Anadolunun bir \u00e7ok yerinde bal \u00fcretimi yapmaktad\u0131r. S\u00fczme \u00c7am Bal\u0131 ve di\u011fer bal \u00e7e\u015fitlerimiz i\u00e7in t\u0131klay\u0131n\u0131z.","og_url":"https:\/\/seel.com.tr\/en\/urun\/from-anatolia-suzme-cam-bali-240-g\/","og_site_name":"Seel Food","article_modified_time":"2023-08-24T13:13:43+00:00","og_image":[{"width":1500,"height":1515,"url":"https:\/\/seel.com.tr\/wp-content\/uploads\/2022\/11\/FSCB240-liquid-pine-honey-1.png","type":"image\/png"}],"twitter_card":"summary_large_image","twitter_misc":{"Est. reading time":"2 minutes"},"schema":{"@context":"https:\/\/schema.org","@graph":[{"@type":"WebPage","@id":"https:\/\/seel.com.tr\/en\/urun\/from-anatolia-suzme-cam-bali-240-g\/","url":"https:\/\/seel.com.tr\/en\/urun\/from-anatolia-suzme-cam-bali-240-g\/","name":"From Anatolia Liquid Pine Honey 240 g - Seel Food","isPartOf":{"@id":"https:\/\/seel.com.tr\/en\/#website"},"datePublished":"2022-11-25T06:50:49+00:00","dateModified":"2023-08-24T13:13:43+00:00","description":"From Anatolia S\u00fczme \u00c7am Bal\u0131 Kavanoz 240 g, Seel Hayvanc\u0131l\u0131k Tar\u0131m G\u0131da Anadolunun bir \u00e7ok yerinde bal \u00fcretimi yapmaktad\u0131r. S\u00fczme \u00c7am Bal\u0131 ve di\u011fer bal \u00e7e\u015fitlerimiz i\u00e7in t\u0131klay\u0131n\u0131z.","breadcrumb":{"@id":"https:\/\/seel.com.tr\/en\/urun\/from-anatolia-suzme-cam-bali-240-g\/#breadcrumb"},"inLanguage":"en-US","potentialAction":[{"@type":"ReadAction","target":["https:\/\/seel.com.tr\/en\/urun\/from-anatolia-suzme-cam-bali-240-g\/"]}]},{"@type":"BreadcrumbList","@id":"https:\/\/seel.com.tr\/en\/urun\/from-anatolia-suzme-cam-bali-240-g\/#breadcrumb","itemListElement":[{"@type":"ListItem","position":1,"name":"Anasayfa","item":"https:\/\/seel.com.tr\/en\/"},{"@type":"ListItem","position":2,"name":"Shop","item":"https:\/\/seel.com.tr\/magaza\/"},{"@type":"ListItem","position":3,"name":"From Anatolia Liquid Pine Honey 240 g"}]},{"@type":"WebSite","@id":"https:\/\/seel.com.tr\/en\/#website","url":"https:\/\/seel.com.tr\/en\/","name":"Seel Food","description":"","potentialAction":[{"@type":"SearchAction","target":{"@type":"EntryPoint","urlTemplate":"https:\/\/seel.com.tr\/en\/?s={search_term_string}"},"query-input":"required name=search_term_string"}],"inLanguage":"en-US"}]}},"_links":{"self":[{"href":"https:\/\/seel.com.tr\/en\/wp-json\/wp\/v2\/product\/8024","targetHints":{"allow":["GET"]}}],"collection":[{"href":"https:\/\/seel.com.tr\/en\/wp-json\/wp\/v2\/product"}],"about":[{"href":"https:\/\/seel.com.tr\/en\/wp-json\/wp\/v2\/types\/product"}],"replies":[{"embeddable":true,"href":"https:\/\/seel.com.tr\/en\/wp-json\/wp\/v2\/comments?post=8024"}],"wp:featuredmedia":[{"embeddable":true,"href":"https:\/\/seel.com.tr\/en\/wp-json\/wp\/v2\/media\/8081"}],"wp:attachment":[{"href":"https:\/\/seel.com.tr\/en\/wp-json\/wp\/v2\/media?parent=8024"}],"wp:term":[{"taxonomy":"product_cat","embeddable":true,"href":"https:\/\/seel.com.tr\/en\/wp-json\/wp\/v2\/product_cat?post=8024"},{"taxonomy":"product_tag","embeddable":true,"href":"https:\/\/seel.com.tr\/en\/wp-json\/wp\/v2\/product_tag?post=8024"}],"curies":[{"name":"wp","href":"https:\/\/api.w.org\/{rel}","templated":true}]}}