{"id":8042,"date":"2022-11-25T09:50:47","date_gmt":"2022-11-25T06:50:47","guid":{"rendered":"https:\/\/seel.com.tr\/urun\/from-anatolia-kara-orman-bali-480-g\/"},"modified":"2023-08-24T16:32:22","modified_gmt":"2023-08-24T13:32:22","slug":"from-anatolia-kara-orman-bali-480-g","status":"publish","type":"product","link":"https:\/\/seel.com.tr\/en\/urun\/from-anatolia-kara-orman-bali-480-g\/","title":{"rendered":"From Anatolia Liquid Black Forest Honey 480 g"},"content":{"rendered":"<p>Black forest honey is also known as oak honey. It is a kind of secretion honey. The honey bee transforms the liquid obtained from the young acorns in the oak trees into honey. The harvest time of black forest honey, which is produced in the summer months, is the end of summer.<\/p>\n<p>Seel Food Company produces Black Forest Honey in oak forests in \u015e\u0131rnak, Mardin, Rize, Artvin, Edirne, and K\u0131rklareli. It packs raw honey by preserving its nutritional value and naturalness without heat treatment.<\/p>\n<p>Packed in 480 g, 850 g glass jars, and 400 g squeezable plastic packages. It is offered for sale with \u201cSeel From Anatolia\u201d Brand.<\/p>\n<p>It is dark-colored honey. It has an intense acrid taste with molasses and caramel flavor. Oak honey has an intense density, and less fluidity.<\/p>\n<p>It can be stored for a long time without crystallization.<\/p>\n","protected":false},"excerpt":{"rendered":"<p>From Anatolia Liquid Black Forest Honey 480 g<\/p>\n","protected":false},"featured_media":7784,"comment_status":"open","ping_status":"closed","template":"","meta":{"inline_featured_image":false},"product_cat":[260],"product_tag":[262,374,375,264,265],"class_list":["post-8042","product","type-product","status-publish","has-post-thumbnail","hentry","product_cat-honeys","product_tag-anatolian-honey-en","product_tag-black-forest-honey-en","product_tag-liquid-secretion-honey-en","product_tag-natural-additive-free-honey-en","product_tag-raw-honey-en"],"yoast_head":"<!-- This site is optimized with the Yoast SEO plugin v20.13 - https:\/\/yoast.com\/wordpress\/plugins\/seo\/ -->\n<title>From Anatolia Liquid Black Forest Honey 480 g - Seel Food<\/title>\n<meta name=\"description\" content=\"From Anatolia S\u00fczme Karaorman Bal\u0131 480 Gr Seel Hayvanc\u0131l\u0131k Tar\u0131m G\u0131da Anadolunun bir \u00e7ok yerinde bal \u00fcretimi yapmaktad\u0131r. S\u00fczme Karaorman Bal\u0131 ve di\u011fer bal \u00e7e\u015fitlerimiz i\u00e7in t\u0131klay\u0131n\u0131z.\" \/>\n<meta name=\"robots\" content=\"index, follow, max-snippet:-1, max-image-preview:large, max-video-preview:-1\" \/>\n<link rel=\"canonical\" href=\"https:\/\/seel.com.tr\/en\/urun\/from-anatolia-kara-orman-bali-480-g\/\" \/>\n<meta property=\"og:locale\" content=\"en_US\" \/>\n<meta property=\"og:type\" content=\"article\" \/>\n<meta property=\"og:title\" content=\"From Anatolia Liquid Black Forest Honey 480 g - Seel Food\" \/>\n<meta property=\"og:description\" content=\"From Anatolia S\u00fczme Karaorman Bal\u0131 480 Gr Seel Hayvanc\u0131l\u0131k Tar\u0131m G\u0131da Anadolunun bir \u00e7ok yerinde bal \u00fcretimi yapmaktad\u0131r. S\u00fczme Karaorman Bal\u0131 ve di\u011fer bal \u00e7e\u015fitlerimiz i\u00e7in t\u0131klay\u0131n\u0131z.\" \/>\n<meta property=\"og:url\" content=\"https:\/\/seel.com.tr\/en\/urun\/from-anatolia-kara-orman-bali-480-g\/\" \/>\n<meta property=\"og:site_name\" content=\"Seel Food\" \/>\n<meta property=\"article:modified_time\" content=\"2023-08-24T13:32:22+00:00\" \/>\n<meta property=\"og:image\" content=\"https:\/\/seel.com.tr\/wp-content\/uploads\/2022\/11\/FAKOB480-1.jpg\" \/>\n\t<meta property=\"og:image:width\" content=\"1000\" \/>\n\t<meta property=\"og:image:height\" content=\"1000\" \/>\n\t<meta property=\"og:image:type\" content=\"image\/jpeg\" \/>\n<meta name=\"twitter:card\" content=\"summary_large_image\" \/>\n<meta name=\"twitter:label1\" content=\"Est. reading time\" \/>\n\t<meta name=\"twitter:data1\" content=\"1 minute\" \/>\n<script type=\"application\/ld+json\" class=\"yoast-schema-graph\">{\"@context\":\"https:\/\/schema.org\",\"@graph\":[{\"@type\":\"WebPage\",\"@id\":\"https:\/\/seel.com.tr\/en\/urun\/from-anatolia-kara-orman-bali-480-g\/\",\"url\":\"https:\/\/seel.com.tr\/en\/urun\/from-anatolia-kara-orman-bali-480-g\/\",\"name\":\"From Anatolia Liquid Black Forest Honey 480 g - Seel Food\",\"isPartOf\":{\"@id\":\"https:\/\/seel.com.tr\/en\/#website\"},\"datePublished\":\"2022-11-25T06:50:47+00:00\",\"dateModified\":\"2023-08-24T13:32:22+00:00\",\"description\":\"From Anatolia S\u00fczme Karaorman Bal\u0131 480 Gr Seel Hayvanc\u0131l\u0131k Tar\u0131m G\u0131da Anadolunun bir \u00e7ok yerinde bal \u00fcretimi yapmaktad\u0131r. S\u00fczme Karaorman Bal\u0131 ve di\u011fer bal \u00e7e\u015fitlerimiz i\u00e7in t\u0131klay\u0131n\u0131z.\",\"breadcrumb\":{\"@id\":\"https:\/\/seel.com.tr\/en\/urun\/from-anatolia-kara-orman-bali-480-g\/#breadcrumb\"},\"inLanguage\":\"en-US\",\"potentialAction\":[{\"@type\":\"ReadAction\",\"target\":[\"https:\/\/seel.com.tr\/en\/urun\/from-anatolia-kara-orman-bali-480-g\/\"]}]},{\"@type\":\"BreadcrumbList\",\"@id\":\"https:\/\/seel.com.tr\/en\/urun\/from-anatolia-kara-orman-bali-480-g\/#breadcrumb\",\"itemListElement\":[{\"@type\":\"ListItem\",\"position\":1,\"name\":\"Anasayfa\",\"item\":\"https:\/\/seel.com.tr\/en\/\"},{\"@type\":\"ListItem\",\"position\":2,\"name\":\"Shop\",\"item\":\"https:\/\/seel.com.tr\/magaza\/\"},{\"@type\":\"ListItem\",\"position\":3,\"name\":\"From Anatolia Liquid Black Forest Honey 480 g\"}]},{\"@type\":\"WebSite\",\"@id\":\"https:\/\/seel.com.tr\/en\/#website\",\"url\":\"https:\/\/seel.com.tr\/en\/\",\"name\":\"Seel Food\",\"description\":\"\",\"potentialAction\":[{\"@type\":\"SearchAction\",\"target\":{\"@type\":\"EntryPoint\",\"urlTemplate\":\"https:\/\/seel.com.tr\/en\/?s={search_term_string}\"},\"query-input\":\"required name=search_term_string\"}],\"inLanguage\":\"en-US\"}]}<\/script>\n<!-- \/ Yoast SEO plugin. -->","yoast_head_json":{"title":"From Anatolia Liquid Black Forest Honey 480 g - Seel Food","description":"From Anatolia S\u00fczme Karaorman Bal\u0131 480 Gr Seel Hayvanc\u0131l\u0131k Tar\u0131m G\u0131da Anadolunun bir \u00e7ok yerinde bal \u00fcretimi yapmaktad\u0131r. S\u00fczme Karaorman Bal\u0131 ve di\u011fer bal \u00e7e\u015fitlerimiz i\u00e7in t\u0131klay\u0131n\u0131z.","robots":{"index":"index","follow":"follow","max-snippet":"max-snippet:-1","max-image-preview":"max-image-preview:large","max-video-preview":"max-video-preview:-1"},"canonical":"https:\/\/seel.com.tr\/en\/urun\/from-anatolia-kara-orman-bali-480-g\/","og_locale":"en_US","og_type":"article","og_title":"From Anatolia Liquid Black Forest Honey 480 g - Seel Food","og_description":"From Anatolia S\u00fczme Karaorman Bal\u0131 480 Gr Seel Hayvanc\u0131l\u0131k Tar\u0131m G\u0131da Anadolunun bir \u00e7ok yerinde bal \u00fcretimi yapmaktad\u0131r. S\u00fczme Karaorman Bal\u0131 ve di\u011fer bal \u00e7e\u015fitlerimiz i\u00e7in t\u0131klay\u0131n\u0131z.","og_url":"https:\/\/seel.com.tr\/en\/urun\/from-anatolia-kara-orman-bali-480-g\/","og_site_name":"Seel Food","article_modified_time":"2023-08-24T13:32:22+00:00","og_image":[{"width":1000,"height":1000,"url":"https:\/\/seel.com.tr\/wp-content\/uploads\/2022\/11\/FAKOB480-1.jpg","type":"image\/jpeg"}],"twitter_card":"summary_large_image","twitter_misc":{"Est. reading time":"1 minute"},"schema":{"@context":"https:\/\/schema.org","@graph":[{"@type":"WebPage","@id":"https:\/\/seel.com.tr\/en\/urun\/from-anatolia-kara-orman-bali-480-g\/","url":"https:\/\/seel.com.tr\/en\/urun\/from-anatolia-kara-orman-bali-480-g\/","name":"From Anatolia Liquid Black Forest Honey 480 g - Seel Food","isPartOf":{"@id":"https:\/\/seel.com.tr\/en\/#website"},"datePublished":"2022-11-25T06:50:47+00:00","dateModified":"2023-08-24T13:32:22+00:00","description":"From Anatolia S\u00fczme Karaorman Bal\u0131 480 Gr Seel Hayvanc\u0131l\u0131k Tar\u0131m G\u0131da Anadolunun bir \u00e7ok yerinde bal \u00fcretimi yapmaktad\u0131r. S\u00fczme Karaorman Bal\u0131 ve di\u011fer bal \u00e7e\u015fitlerimiz i\u00e7in t\u0131klay\u0131n\u0131z.","breadcrumb":{"@id":"https:\/\/seel.com.tr\/en\/urun\/from-anatolia-kara-orman-bali-480-g\/#breadcrumb"},"inLanguage":"en-US","potentialAction":[{"@type":"ReadAction","target":["https:\/\/seel.com.tr\/en\/urun\/from-anatolia-kara-orman-bali-480-g\/"]}]},{"@type":"BreadcrumbList","@id":"https:\/\/seel.com.tr\/en\/urun\/from-anatolia-kara-orman-bali-480-g\/#breadcrumb","itemListElement":[{"@type":"ListItem","position":1,"name":"Anasayfa","item":"https:\/\/seel.com.tr\/en\/"},{"@type":"ListItem","position":2,"name":"Shop","item":"https:\/\/seel.com.tr\/magaza\/"},{"@type":"ListItem","position":3,"name":"From Anatolia Liquid Black Forest Honey 480 g"}]},{"@type":"WebSite","@id":"https:\/\/seel.com.tr\/en\/#website","url":"https:\/\/seel.com.tr\/en\/","name":"Seel Food","description":"","potentialAction":[{"@type":"SearchAction","target":{"@type":"EntryPoint","urlTemplate":"https:\/\/seel.com.tr\/en\/?s={search_term_string}"},"query-input":"required name=search_term_string"}],"inLanguage":"en-US"}]}},"_links":{"self":[{"href":"https:\/\/seel.com.tr\/en\/wp-json\/wp\/v2\/product\/8042","targetHints":{"allow":["GET"]}}],"collection":[{"href":"https:\/\/seel.com.tr\/en\/wp-json\/wp\/v2\/product"}],"about":[{"href":"https:\/\/seel.com.tr\/en\/wp-json\/wp\/v2\/types\/product"}],"replies":[{"embeddable":true,"href":"https:\/\/seel.com.tr\/en\/wp-json\/wp\/v2\/comments?post=8042"}],"wp:featuredmedia":[{"embeddable":true,"href":"https:\/\/seel.com.tr\/en\/wp-json\/wp\/v2\/media\/7784"}],"wp:attachment":[{"href":"https:\/\/seel.com.tr\/en\/wp-json\/wp\/v2\/media?parent=8042"}],"wp:term":[{"taxonomy":"product_cat","embeddable":true,"href":"https:\/\/seel.com.tr\/en\/wp-json\/wp\/v2\/product_cat?post=8042"},{"taxonomy":"product_tag","embeddable":true,"href":"https:\/\/seel.com.tr\/en\/wp-json\/wp\/v2\/product_tag?post=8042"}],"curies":[{"name":"wp","href":"https:\/\/api.w.org\/{rel}","templated":true}]}}