{"id":8046,"date":"2022-11-25T09:50:47","date_gmt":"2022-11-25T06:50:47","guid":{"rendered":"https:\/\/seel.com.tr\/urun\/from-anatolia-suzme-kekik-bali-480-g\/"},"modified":"2023-08-24T16:34:20","modified_gmt":"2023-08-24T13:34:20","slug":"from-anatolia-suzme-kekik-bali-480-g","status":"publish","type":"product","link":"https:\/\/seel.com.tr\/en\/urun\/from-anatolia-suzme-kekik-bali-480-g\/","title":{"rendered":"From Anatolia Liquid Thyme Honey 480 g"},"content":{"rendered":"<p>It is honey produced from the nectar collected from the flowers of the thyme plant, which grows intensively in the Mediterranean basin. Renowned for its aroma, it is produced between the second half of June and the first half of July.<br \/>\nSeel Food Company produces Thyme Honey mostly in Eastern Anatolia, Aegean Region, and on G\u00f6k\u00e7eada island, where the thyme plant grows intensively. The aroma and smell are intense, natural, and additive-free thyme honey.<\/p>\n<p>Packed in 480 g, 850 g glass jars, and 400 g squeezable plastic packages. It is offered for sale with \u201cSeel From Anatolia\u201d Brand.<\/p>\n<p>The color of Thyme honey is transparent golden yellow to amber when liquid, beige to brown when it is crystallized. It is a very strong, intensely aromatic honey. The taste is persistent.<\/p>\n<p>Thyme Honey crystallizes spontaneously in a short time into medium or fine grains.<\/p>\n","protected":false},"excerpt":{"rendered":"<p>From Anatolia Liquid Thyme Honey 480 g<\/p>\n<p>&nbsp;<\/p>\n","protected":false},"featured_media":7791,"comment_status":"open","ping_status":"closed","template":"","meta":{"inline_featured_image":false},"product_cat":[260],"product_tag":[262,377,264,265,376],"class_list":["post-8046","product","type-product","status-publish","has-post-thumbnail","hentry","product_cat-honeys","product_tag-anatolian-honey-en","product_tag-liquid-thyme-honey-en","product_tag-natural-additive-free-honey-en","product_tag-raw-honey-en","product_tag-thyme-honey-en"],"yoast_head":"<!-- This site is optimized with the Yoast SEO plugin v20.13 - https:\/\/yoast.com\/wordpress\/plugins\/seo\/ -->\n<title>From Anatolia Liquid Thyme Honey 480 g - Seel Food<\/title>\n<meta name=\"description\" content=\"From Anatolia S\u00fczme Kekik Bal\u0131 480 Gr Seel Hayvanc\u0131l\u0131k Tar\u0131m G\u0131da Anadolunun bir \u00e7ok yerinde bal \u00fcretimi yapmaktad\u0131r. S\u00fczme Kekik Bal\u0131 ve di\u011fer bal \u00e7e\u015fitlerimiz i\u00e7in t\u0131klay\u0131n\u0131z.\" \/>\n<meta name=\"robots\" content=\"index, follow, max-snippet:-1, max-image-preview:large, max-video-preview:-1\" \/>\n<link rel=\"canonical\" href=\"https:\/\/seel.com.tr\/en\/urun\/from-anatolia-suzme-kekik-bali-480-g\/\" \/>\n<meta property=\"og:locale\" content=\"en_US\" \/>\n<meta property=\"og:type\" content=\"article\" \/>\n<meta property=\"og:title\" content=\"From Anatolia Liquid Thyme Honey 480 g - Seel Food\" \/>\n<meta property=\"og:description\" content=\"From Anatolia S\u00fczme Kekik Bal\u0131 480 Gr Seel Hayvanc\u0131l\u0131k Tar\u0131m G\u0131da Anadolunun bir \u00e7ok yerinde bal \u00fcretimi yapmaktad\u0131r. S\u00fczme Kekik Bal\u0131 ve di\u011fer bal \u00e7e\u015fitlerimiz i\u00e7in t\u0131klay\u0131n\u0131z.\" \/>\n<meta property=\"og:url\" content=\"https:\/\/seel.com.tr\/en\/urun\/from-anatolia-suzme-kekik-bali-480-g\/\" \/>\n<meta property=\"og:site_name\" content=\"Seel Food\" \/>\n<meta property=\"article:modified_time\" content=\"2023-08-24T13:34:20+00:00\" \/>\n<meta property=\"og:image\" content=\"https:\/\/seel.com.tr\/wp-content\/uploads\/2022\/11\/FASKB480-1.jpeg\" \/>\n\t<meta property=\"og:image:width\" content=\"1000\" \/>\n\t<meta property=\"og:image:height\" content=\"1000\" \/>\n\t<meta property=\"og:image:type\" content=\"image\/jpeg\" \/>\n<meta name=\"twitter:card\" content=\"summary_large_image\" \/>\n<meta name=\"twitter:label1\" content=\"Est. reading time\" \/>\n\t<meta name=\"twitter:data1\" content=\"1 minute\" \/>\n<script type=\"application\/ld+json\" class=\"yoast-schema-graph\">{\"@context\":\"https:\/\/schema.org\",\"@graph\":[{\"@type\":\"WebPage\",\"@id\":\"https:\/\/seel.com.tr\/en\/urun\/from-anatolia-suzme-kekik-bali-480-g\/\",\"url\":\"https:\/\/seel.com.tr\/en\/urun\/from-anatolia-suzme-kekik-bali-480-g\/\",\"name\":\"From Anatolia Liquid Thyme Honey 480 g - Seel Food\",\"isPartOf\":{\"@id\":\"https:\/\/seel.com.tr\/en\/#website\"},\"datePublished\":\"2022-11-25T06:50:47+00:00\",\"dateModified\":\"2023-08-24T13:34:20+00:00\",\"description\":\"From Anatolia S\u00fczme Kekik Bal\u0131 480 Gr Seel Hayvanc\u0131l\u0131k Tar\u0131m G\u0131da Anadolunun bir \u00e7ok yerinde bal \u00fcretimi yapmaktad\u0131r. S\u00fczme Kekik Bal\u0131 ve di\u011fer bal \u00e7e\u015fitlerimiz i\u00e7in t\u0131klay\u0131n\u0131z.\",\"breadcrumb\":{\"@id\":\"https:\/\/seel.com.tr\/en\/urun\/from-anatolia-suzme-kekik-bali-480-g\/#breadcrumb\"},\"inLanguage\":\"en-US\",\"potentialAction\":[{\"@type\":\"ReadAction\",\"target\":[\"https:\/\/seel.com.tr\/en\/urun\/from-anatolia-suzme-kekik-bali-480-g\/\"]}]},{\"@type\":\"BreadcrumbList\",\"@id\":\"https:\/\/seel.com.tr\/en\/urun\/from-anatolia-suzme-kekik-bali-480-g\/#breadcrumb\",\"itemListElement\":[{\"@type\":\"ListItem\",\"position\":1,\"name\":\"Anasayfa\",\"item\":\"https:\/\/seel.com.tr\/en\/\"},{\"@type\":\"ListItem\",\"position\":2,\"name\":\"Shop\",\"item\":\"https:\/\/seel.com.tr\/magaza\/\"},{\"@type\":\"ListItem\",\"position\":3,\"name\":\"From Anatolia Liquid Thyme Honey 480 g\"}]},{\"@type\":\"WebSite\",\"@id\":\"https:\/\/seel.com.tr\/en\/#website\",\"url\":\"https:\/\/seel.com.tr\/en\/\",\"name\":\"Seel Food\",\"description\":\"\",\"potentialAction\":[{\"@type\":\"SearchAction\",\"target\":{\"@type\":\"EntryPoint\",\"urlTemplate\":\"https:\/\/seel.com.tr\/en\/?s={search_term_string}\"},\"query-input\":\"required name=search_term_string\"}],\"inLanguage\":\"en-US\"}]}<\/script>\n<!-- \/ Yoast SEO plugin. -->","yoast_head_json":{"title":"From Anatolia Liquid Thyme Honey 480 g - Seel Food","description":"From Anatolia S\u00fczme Kekik Bal\u0131 480 Gr Seel Hayvanc\u0131l\u0131k Tar\u0131m G\u0131da Anadolunun bir \u00e7ok yerinde bal \u00fcretimi yapmaktad\u0131r. S\u00fczme Kekik Bal\u0131 ve di\u011fer bal \u00e7e\u015fitlerimiz i\u00e7in t\u0131klay\u0131n\u0131z.","robots":{"index":"index","follow":"follow","max-snippet":"max-snippet:-1","max-image-preview":"max-image-preview:large","max-video-preview":"max-video-preview:-1"},"canonical":"https:\/\/seel.com.tr\/en\/urun\/from-anatolia-suzme-kekik-bali-480-g\/","og_locale":"en_US","og_type":"article","og_title":"From Anatolia Liquid Thyme Honey 480 g - Seel Food","og_description":"From Anatolia S\u00fczme Kekik Bal\u0131 480 Gr Seel Hayvanc\u0131l\u0131k Tar\u0131m G\u0131da Anadolunun bir \u00e7ok yerinde bal \u00fcretimi yapmaktad\u0131r. S\u00fczme Kekik Bal\u0131 ve di\u011fer bal \u00e7e\u015fitlerimiz i\u00e7in t\u0131klay\u0131n\u0131z.","og_url":"https:\/\/seel.com.tr\/en\/urun\/from-anatolia-suzme-kekik-bali-480-g\/","og_site_name":"Seel Food","article_modified_time":"2023-08-24T13:34:20+00:00","og_image":[{"width":1000,"height":1000,"url":"https:\/\/seel.com.tr\/wp-content\/uploads\/2022\/11\/FASKB480-1.jpeg","type":"image\/jpeg"}],"twitter_card":"summary_large_image","twitter_misc":{"Est. reading time":"1 minute"},"schema":{"@context":"https:\/\/schema.org","@graph":[{"@type":"WebPage","@id":"https:\/\/seel.com.tr\/en\/urun\/from-anatolia-suzme-kekik-bali-480-g\/","url":"https:\/\/seel.com.tr\/en\/urun\/from-anatolia-suzme-kekik-bali-480-g\/","name":"From Anatolia Liquid Thyme Honey 480 g - Seel Food","isPartOf":{"@id":"https:\/\/seel.com.tr\/en\/#website"},"datePublished":"2022-11-25T06:50:47+00:00","dateModified":"2023-08-24T13:34:20+00:00","description":"From Anatolia S\u00fczme Kekik Bal\u0131 480 Gr Seel Hayvanc\u0131l\u0131k Tar\u0131m G\u0131da Anadolunun bir \u00e7ok yerinde bal \u00fcretimi yapmaktad\u0131r. S\u00fczme Kekik Bal\u0131 ve di\u011fer bal \u00e7e\u015fitlerimiz i\u00e7in t\u0131klay\u0131n\u0131z.","breadcrumb":{"@id":"https:\/\/seel.com.tr\/en\/urun\/from-anatolia-suzme-kekik-bali-480-g\/#breadcrumb"},"inLanguage":"en-US","potentialAction":[{"@type":"ReadAction","target":["https:\/\/seel.com.tr\/en\/urun\/from-anatolia-suzme-kekik-bali-480-g\/"]}]},{"@type":"BreadcrumbList","@id":"https:\/\/seel.com.tr\/en\/urun\/from-anatolia-suzme-kekik-bali-480-g\/#breadcrumb","itemListElement":[{"@type":"ListItem","position":1,"name":"Anasayfa","item":"https:\/\/seel.com.tr\/en\/"},{"@type":"ListItem","position":2,"name":"Shop","item":"https:\/\/seel.com.tr\/magaza\/"},{"@type":"ListItem","position":3,"name":"From Anatolia Liquid Thyme Honey 480 g"}]},{"@type":"WebSite","@id":"https:\/\/seel.com.tr\/en\/#website","url":"https:\/\/seel.com.tr\/en\/","name":"Seel Food","description":"","potentialAction":[{"@type":"SearchAction","target":{"@type":"EntryPoint","urlTemplate":"https:\/\/seel.com.tr\/en\/?s={search_term_string}"},"query-input":"required name=search_term_string"}],"inLanguage":"en-US"}]}},"_links":{"self":[{"href":"https:\/\/seel.com.tr\/en\/wp-json\/wp\/v2\/product\/8046","targetHints":{"allow":["GET"]}}],"collection":[{"href":"https:\/\/seel.com.tr\/en\/wp-json\/wp\/v2\/product"}],"about":[{"href":"https:\/\/seel.com.tr\/en\/wp-json\/wp\/v2\/types\/product"}],"replies":[{"embeddable":true,"href":"https:\/\/seel.com.tr\/en\/wp-json\/wp\/v2\/comments?post=8046"}],"wp:featuredmedia":[{"embeddable":true,"href":"https:\/\/seel.com.tr\/en\/wp-json\/wp\/v2\/media\/7791"}],"wp:attachment":[{"href":"https:\/\/seel.com.tr\/en\/wp-json\/wp\/v2\/media?parent=8046"}],"wp:term":[{"taxonomy":"product_cat","embeddable":true,"href":"https:\/\/seel.com.tr\/en\/wp-json\/wp\/v2\/product_cat?post=8046"},{"taxonomy":"product_tag","embeddable":true,"href":"https:\/\/seel.com.tr\/en\/wp-json\/wp\/v2\/product_tag?post=8046"}],"curies":[{"name":"wp","href":"https:\/\/api.w.org\/{rel}","templated":true}]}}